{"id":957,"date":"2018-06-27T08:45:00","date_gmt":"2018-06-27T08:45:00","guid":{"rendered":"https:\/\/infotron.com.tr\/en\/?page_id=957"},"modified":"2020-10-14T08:54:55","modified_gmt":"2020-10-14T08:54:55","slug":"press","status":"publish","type":"page","link":"https:\/\/infotron.com.tr\/en\/press\/","title":{"rendered":"Press"},"content":{"rendered":"<div style='padding-bottom:10px; ' class='av-special-heading av-special-heading-h1     '><h1 class='av-special-heading-tag '  itemprop=\"headline\"  >You can find news and news about our company in newspapers and magazines over the years.<\/h1><div class='special-heading-border'><div class='special-heading-inner-border' ><\/div><\/div><\/div>\n<section class=\"av_textblock_section \"  itemscope=\"itemscope\" itemtype=\"https:\/\/schema.org\/CreativeWork\" ><div class='avia_textblock  '   itemprop=\"text\" ><ul style=\"list-style-image: url('https:\/\/infotron.com.tr\/en\/wp-content\/uploads\/2018\/08\/arti-icon.png'); text-align: justify;\">\n<li><a href=\"http:\/\/www.infotron.com.tr\/en\/images\/basindabiz\/TTMagazin%200216_70_71.pdf\">3D Yaz\u0131c\u0131lar\u0131m\u0131z TT Magazin dergisinin Ocak-\u015eubat 2016 say\u0131s\u0131n\u0131n dosya konusu oldu<\/a> ( \u015eubat 2016 )<\/li>\n<li><a href=\"http:\/\/www.infotron.com.tr\/en\/images\/basindabiz\/video\/ajansbugun_3boyutlualci.mp4\">A Haber \u2013 3 Boyutlu Al\u00e7\u0131- Ajans Bug\u00fcn<\/a> ( May\u0131s 2014 )<\/li>\n<li><a href=\"http:\/\/www.infotron.com.tr\/en\/images\/basindabiz\/video\/ntv_3boyutlualci.mp4\">NTV \u2013 3 Boyutlu Al\u00e7\u0131- Anahaber B\u00fclteni<\/a> ( May\u0131s 2014 )<\/li>\n<li><a href=\"http:\/\/www.youtube.com\/watch?v=hvsHOYpBfLg\">Tarcan Kiper \u2013 Sky360 R\u00f6portaj\u0131<\/a> ( Nisan 2014 )<\/li>\n<li><a href=\"http:\/\/www.youtube.com\/watch?v=FQ7xKxUASwc\">Burak Pekcan \u2013 TRT Haber Tad\u0131nda<\/a> ( Ocak 2014 )<\/li>\n<li><a href=\"http:\/\/www.youtube.com\/watch?v=2uENBRa-iNg\">Burak Pekcan \u2013 TRT Paran\u0131n G\u00fcndemi<\/a> ( Ocak 2014 )<\/li>\n<li><a href=\"http:\/\/www.youtube.com\/watch?v=mhH1E-B1Kys\">Burak Pekcan \u2013 Kanal T\u00fcrk Ana Haber B\u00fclteni<\/a> ( Ocak 2014 )<\/li>\n<li><a href=\"http:\/\/www.youtube.com\/watch?v=A6PWI_8ZQmk\">Burak Pekcan \u2013 TRT Fikir At\u00f6lyesi<\/a> ( Ocak 2014 )<\/li>\n<li><a href=\"http:\/\/www.youtube.com\/watch?v=0YvaX5rSiCE\">Burak Pekcan \u2013 SkyT\u00fcrk Habere Dair<\/a> ( Ekim 2013 )<\/li>\n<li><a href=\"http:\/\/www.youtube.com\/watch?v=x2xrj-G-O0w\">O\u011fuzhan K\u00fc\u00e7\u00fck \u2013 SkyT\u00fcrk TAV R\u00f6portaj\u0131<\/a> ( Ekim 2013 )<\/li>\n<li><a href=\"http:\/\/www.youtube.com\/watch?v=vbwhdXzybj4\">Burak Pekcan \u2013 TRT 1 Ana Haber B\u00fclteni<\/a> ( A\u011fustos 2013)<\/li>\n<li><a href=\"http:\/\/www.youtube.com\/watch?v=YpU3ds2eFJ4\">Tarcan Kiper \u2013 Kanal7 Ana Haber B\u00fclteni<\/a> (May\u0131s 2013 )<\/li>\n<li><a href=\"http:\/\/www.youtube.com\/watch?v=0fiiH4tmoHM\">infoTRON IDEF\u2019te \u2013 Kanal D Ana Haber B\u00fclteni<\/a> ( May\u0131s 2013 )<\/li>\n<li><a href=\"http:\/\/www.youtube.com\/watch?v=DdQNxVPlMVs\">Burak Pekcan \u2013 TRT Aynun Ala Iqtisad<\/a> ( Mart 2013 )<\/li>\n<li><a href=\"http:\/\/www.infotron.com.tr\/en\/images\/fortune_infotron_2014.pdf\">Yap\u0131mc\u0131lardan T\u00fcrk Filmi<\/a> (Forbes, Nisan 2014)<\/li>\n<li><a href=\"http:\/\/www.infotron.com.tr\/en\/images\/images\/forbes_2014.jpg\">Nesnelerin \u0130\u00e7inde Dola\u015fmak<\/a> (Forbes, Ocak 2014)<\/li>\n<li><a href=\"http:\/\/www.infotron.com.tr\/en\/images\/images\/80\/infotron_ekonomist_burakpekcan.jpg\">Burak Pekcan\u2019\u0131n Ekonomist R\u00f6portaj\u0131 <\/a>(Businessweek, Haziran 2013)<\/li>\n<li><a href=\"http:\/\/www.infotron.com.tr\/en\/images\/images\/80\/businessweek_burak_pekcan.png\">Burak Pekcan\u2019\u0131n Businessweek Makalesi<\/a> (Businessweek, Haziran 2013)<\/li>\n<li><a href=\"http:\/\/www.infotron.com.tr\/en\/images\/images\/80\/msi_tarcan%20kiper.pdf\">Tarcan Kiper\u2019in \u201cHavac\u0131l\u0131k ve Savunma Sanayileri i\u00e7in PLM\u201d konulu makalesi<\/a> (MSI Dergisi, Eyl\u00fcl 2013)<\/li>\n<li><a href=\"http:\/\/www.infotron.com.tr\/en\/images\/images\/80\/msi-mayis-tarcankiper.pdf\">Tarcan Kiper\u2019in \u201cHavac\u0131l\u0131k ve Savunma Sanayileri i\u00e7in PLM\u201d konulu makalesi<\/a> (MSI Dergisi, May\u0131s 2013)<\/li>\n<li><a href=\"http:\/\/www.infotron.com.tr\/en\/images\/basindabiz\/msi-dergisi-mart-2013-plm-makalesi-tarcan-kiper.pdf\">Tarcan Kiper\u2019in \u201cHavac\u0131l\u0131k ve Savunma Sanayileri i\u00e7in PLM\u201d konulu makalesi<\/a> (MSI Dergisi, Mart 2013)<\/li>\n<li><a href=\"http:\/\/www.infotron.com.tr\/en\/images\/basindabiz\/haberturk_cumartesi-20130202.jpg\">\u00c7iz, Yazd\u0131r, Giy<\/a> (HaberT\u00fcrk Gazetesi, \u015eubat 2013)<\/li>\n<li><a href=\"http:\/\/www.infotron.com.tr\/en\/images\/basindabiz\/dunya-gazetesi_20130104.jpg\">\u00dc\u00e7 boyutlu tasar\u0131mla maliyetleri %20 d\u00fc\u015f\u00fcr\u00fcyor<\/a> (D\u00fcnya Gazetesi, Ocak 2013)<\/li>\n<li><a href=\"http:\/\/www.infotron.com.tr\/en\/haber-bulteni?id=405\">infoTRON ve +90 Fortune Aral\u0131k Say\u0131s\u0131nda<\/a> (Fortune Dergisi, Aral\u0131k 2012)<\/li>\n<li><a href=\"http:\/\/www.infotron.com.tr\/en\/haber-bulteni?id=406\">Tarcan Kiper\u2019in MSI dergisinde \u00e7\u0131kan makalesi<\/a> (MSI Dergisi, Kas\u0131m 2012)<\/li>\n<li><a href=\"http:\/\/www.infotron.com.tr\/en\/images\/basindabiz\/star-gazetesi-matrix-13.08.2012.jpg\">Matrix\u2019i ger\u00e7e\u011fe d\u00f6n\u00fc\u015ft\u00fcr\u00fcyorlar<\/a> (Star Gazetesi, A\u011fustos 2012)<\/li>\n<li><a href=\"http:\/\/www.infotron.com.tr\/en\/images\/basindabiz\/makina-magazin-zeynel-showcase-2012.pdf\">Tasar\u0131m ba\u015far\u0131y\u0131 getirir<\/a> (Makina Magazin, Haziran 2012)<\/li>\n<li><a href=\"http:\/\/www.infotron.com.tr\/en\/images\/basindabiz\/makina-magazin-ford-otosan-2012.pdf\">Ford Otosan\u2019da tasar\u0131m\u0131n g\u00fcc\u00fc<\/a> (Makina Magazin, Haziran 2012)<\/li>\n<li><a href=\"http:\/\/www.infotron.com.tr\/en\/images\/basindabiz\/turkiye-gazetesi-mayis-2012.jpg\">T\u00fcrk KOB\u0130\u2019si ikinci sanayi devrimini ger\u00e7ekle\u015ftiriyor.<\/a> (T\u00fcrkiye Gazetesi, May\u0131s 2012)<\/li>\n<li>infoTRON [<a href=\"http:\/\/www.infotron.com.tr\/en\/images\/basindabiz\/insaat\/insaat-dunyasi1.jpg\">1<\/a>]-[<a href=\"http:\/\/www.infotron.com.tr\/en\/images\/basindabiz\/insaat\/insaat-dunyasi2.jpg\">2<\/a>]-[<a href=\"http:\/\/www.infotron.com.tr\/en\/images\/basindabiz\/insaat\/insaat-dunyasi3.jpg\">3<\/a>]-[<a href=\"http:\/\/www.infotron.com.tr\/en\/images\/basindabiz\/insaat\/insaat-dunyasi4.jpg\">4<\/a>]-[<a href=\"http:\/\/www.infotron.com.tr\/en\/images\/basindabiz\/insaat\/insaat-dunyasi5.jpg\">5<\/a>]\/[ <a href=\"http:\/\/www.infotron.com.tr\/en\/images\/basindabiz\/insaat\/insaat-dunyasi-infoTRON.pdf\">pdf<\/a> ] (\u0130n\u015faat Dergisi, Nisan 2012 \/ Say\u0131: 348)<\/li>\n<li><a href=\"http:\/\/www.infotron.com.tr\/en\/images\/basindabiz\/Tersane_dergisi.jpg\">infoTRON\u2019dan Gemi \u0130n\u015fa Sekt\u00f6r\u00fcne Yenilik\u00e7i Ad\u0131mlar<\/a> (Tersane Dergisi, Ocak 2009)<\/li>\n<li><a href=\"http:\/\/www.infotron.com.tr\/en\/images\/basindabiz\/Plastik_dergisi08.jpg\">Plastik Dergisi\u2019nde infoTRON Haberi<\/a> (Plastik Dergisi, Kas\u0131m 2008)<\/li>\n<li>Prototip Sekt\u00f6r\u00fcn\u00fcn T\u00fcrkiye\u2019deki Ad\u0131: \u0130nfotron (CAD-CAM Dizayn, Haziran 2008)<\/li>\n<li><a href=\"http:\/\/www.infotron.com.tr\/en\/images\/images\/80\/tubitak_infotron.pdf\">Arge Mucizesi Ba\u015far\u0131 \u00d6yk\u00fcleri<\/a>\u2013 (T\u00dcB\u0130TAK Yay\u0131nlar\u0131,2008)<\/li>\n<li>infoTRON A.\u015e yeni bir distrib\u00fct\u00f6rl\u00fck anla\u015fmas\u0131 yapt\u0131 (Kal\u0131p D\u00fcnyas\u0131, 17 Kas\u0131m 2006)<\/li>\n<li><a href=\"http:\/\/www.infotron.com.tr\/en\/images\/basindabiz\/hurriyet-e_yasam.jpg\">Yedek par\u00e7a \u00fcreten yaz\u0131c\u0131<\/a> (H\u00fcrriyet, 9 Haziran 2006)<\/li>\n<li>infoTRON; sekt\u00f6r devi firmalar\u0131n taleplerini kar\u015f\u0131l\u0131yor (KobiEfor, Nisan 2007)<\/li>\n<li>\u00dc\u00e7 boyutlu taramada yenilik (H\u00fcrriyet, 24 \u015eubat 2006)<\/li>\n<li>Turkcell ba\u015far\u0131l\u0131 i\u015f ortaklar\u0131n\u0131 \u00f6d\u00fcllendirdi (Telepati Telekom, Nisan 2004)<\/li>\n<li><a href=\"http:\/\/www.infotron.com.tr\/en\/images\/basindabiz\/hurriyet_infotron.jpg\">Beyin g\u00f6\u00e7\u00fcne uymad\u0131 devlere sim\u00fclat\u00f6r takt\u0131<\/a> (H\u00fcrriyet, 21 Ekim 2003)<\/li>\n<li>Yerli mal\u0131 u\u00e7u\u015f sim\u00fclat\u00f6r\u00fcn\u00fcn ad\u0131 Asena (Milliyet, 2 Eyl\u00fcl 2003)<\/li>\n<li>Turkcell ba\u015far\u0131 \u00f6d\u00fcl\u00fc infoTRON\u2019a (Ak\u015fam, 13 May\u0131s 2003)<\/li>\n<li><a href=\"http:\/\/www.infotron.com.tr\/en\/images\/basindabiz\/ekonomi.jpg\">30 Milyar $\u2019lik pastadan pay alabiliriz\u2026<\/a> (Ekonomist, 26 Ekim 2002)<\/li>\n<li><a href=\"http:\/\/www.infotron.com.tr\/en\/images\/basindabiz\/tskya.jpg\">TSK\u2019ya sava\u015f oyunlar\u0131 yazan T\u00fcrk \u015firketi\u2026<\/a> (Power Ekonomi, Ekim 2002)<\/li>\n<li>\u0130ki bili\u015fim \u015firketine Teknoloji \u00d6d\u00fcl\u00fc \u2026 (BTHaber)<\/li>\n<li>Teknoloji \u00f6d\u00fclleri sahiplerini buluyor (H\u00fcrriyet, 17 May\u0131s 2002)<\/li>\n<li>info[+]TRON Teknoloji \u00d6d\u00fcl\u00fc \u00d6zel Sayfas\u0131\u2026<\/li>\n<li>Renault\u2019a T\u00fcrk mal\u0131 sim\u00fclat\u00f6r (H\u00fcrriyet, 12 May\u0131s 2002)<\/li>\n<li><a href=\"http:\/\/www.infotron.com.tr\/en\/images\/basindabiz\/tempo_teknoloji1.jpg\">Bili\u015fimde 50 Dev Adam<\/a> (Tempo, 2001)<\/li>\n<li>infoTRON Teknoloji \u0130hracat\u0131nda iddal\u0131 (BTHaber, 5 Ekim 2000)<\/li>\n<li>\u0130nsan, do\u011fa ve teknolojinin bulu\u015fmas\u0131: Expo2000 (BTHaber, 25 A\u011fustos 2000)<\/li>\n<li>infoTRON Mobil \u0130leti\u015fime Odakland\u0131\u2026 (BTHaber, 9 A\u011fustos 2002)<\/li>\n<li>Sanal savaslar ucuruyor\u2026 (Milliyet, 25 Mart 2000)<\/li>\n<li><a href=\"http:\/\/www.infotron.com.tr\/en\/images\/basindabiz\/performer.jpg\">Performer ile gelen en iyi teknoloji BTHaber\u2026<\/a> (BTHaber, 9 Ocak 2000)<\/li>\n<li>U\u00e7ak sim\u00fclasyonunda T\u00fcrk m\u00fchendis imzas\u0131 (BTHaber, 28 Aral\u0131k 1999)<\/li>\n<li><a href=\"http:\/\/www.infotron.com.tr\/en\/images\/basindabiz\/milliyet3.jpg\">Bilgi ihracat\u0131na b\u00fcrokrasi engeli<\/a> (Milliyet, 10 Mart 1999 \u2013 Meral Tamer)<\/li>\n<li>infoTRON, SKYTURK Digital Ya\u015fam program\u0131nda ( Video )<\/li>\n<li>Tarcan Kiper\u2019in Bilisim Fuarindaki SKYTURK ile roportaji ( Video )<\/li>\n<li>info[+]TRON d\u00fcnyan\u0131n en \u00fcnl\u00fc Dijital Medya Portal\u0131nda<\/li>\n<li><a href=\"http:\/\/www.infotron.com.tr\/en\/images\/basindabiz\/kalite_show_01.jpg\">Bilgi Teknolojileri infoTRON\u2019da birlesiyor.<\/a> (Kalite Show, 1999)<\/li>\n<li><a href=\"http:\/\/www.infotron.com.tr\/en\/images\/basindabiz\/cadcam1.jpg\">Alias|Wavefront hakk\u0131nda Cad-Cam dergisi ile s\u00f6yle\u015fi<\/a><\/li>\n<li><a href=\"http:\/\/www.infotron.com.tr\/en\/images\/ilk-turk-ucus-simulatoru.pdf\">IDEF\u201997 Fuar\u0131 Savunma ve Havac\u0131l\u0131k Dergisi<\/a><\/li>\n<\/ul>\n<\/div><\/section>\n","protected":false},"excerpt":{"rendered":"","protected":false},"author":1,"featured_media":0,"parent":0,"menu_order":0,"comment_status":"closed","ping_status":"closed","template":"","meta":{"footnotes":""},"_links":{"self":[{"href":"https:\/\/infotron.com.tr\/en\/wp-json\/wp\/v2\/pages\/957"}],"collection":[{"href":"https:\/\/infotron.com.tr\/en\/wp-json\/wp\/v2\/pages"}],"about":[{"href":"https:\/\/infotron.com.tr\/en\/wp-json\/wp\/v2\/types\/page"}],"author":[{"embeddable":true,"href":"https:\/\/infotron.com.tr\/en\/wp-json\/wp\/v2\/users\/1"}],"replies":[{"embeddable":true,"href":"https:\/\/infotron.com.tr\/en\/wp-json\/wp\/v2\/comments?post=957"}],"version-history":[{"count":14,"href":"https:\/\/infotron.com.tr\/en\/wp-json\/wp\/v2\/pages\/957\/revisions"}],"predecessor-version":[{"id":5245,"href":"https:\/\/infotron.com.tr\/en\/wp-json\/wp\/v2\/pages\/957\/revisions\/5245"}],"wp:attachment":[{"href":"https:\/\/infotron.com.tr\/en\/wp-json\/wp\/v2\/media?parent=957"}],"curies":[{"name":"wp","href":"https:\/\/api.w.org\/{rel}","templated":true}]}}