{"id":4203,"date":"2019-02-12T05:29:38","date_gmt":"2019-02-12T05:29:38","guid":{"rendered":"https:\/\/infotron.com.tr\/en\/?page_id=4203"},"modified":"2019-04-21T21:40:33","modified_gmt":"2019-04-21T21:40:33","slug":"uygulama-muhendisi","status":"publish","type":"page","link":"https:\/\/infotron.com.tr\/en\/uygulama-muhendisi\/","title":{"rendered":"Uygulama M\u00fchendisi"},"content":{"rendered":"<p><strong>UYGULAMA M\u00dcHEND\u0130S\u0130<\/strong><\/p>\n<p><strong>Genel Nitelikler<\/strong><\/p>\n<ul>\n<li>\u00dcniversitelerin ilgili fak\u00fclte &#8211; b\u00f6l\u00fcmlerinden mezun<\/li>\n<li>Mekanik tasar\u0131m ve imalat teknikleri konusunda tecr\u00fcbe sahibi<\/li>\n<li>Ar-Ge proje deneyimi olan (tercihen uluslararas\u0131 Ar-Ge projelerinde)<\/li>\n<li>Yeni teknolojilere ilgi ve merak duyan, tercihen \u00fc\u00e7 boyutlu yaz\u0131c\u0131lar konusunda bilgi sahibi<\/li>\n<li>Planlama, organizasyon ve koordinasyon becerisine sahip<\/li>\n<li>\u0130leti\u015fim becerileri geli\u015fmi\u015f<\/li>\n<li>Proaktif ve analitik<\/li>\n<li>Pratik ve \u00e7\u00f6z\u00fcm odakl\u0131 olan<\/li>\n<li>\u00c7ok iyi derecede \u0130ngilizce bilen<\/li>\n<li>Anadolu yakas\u0131nda ikamet eden<\/li>\n<li>Bay adaylar i\u00e7in askerlikle ili\u015fkisi bulunmayan<\/li>\n<\/ul>\n<p><strong><br \/>\n\u0130\u015f Tan\u0131m\u0131<\/strong><\/p>\n<p>H\u0131zl\u0131 prototip ve h\u0131zl\u0131 kal\u0131plama konular\u0131nda, ileri teknoloji \u00fcretim\/uygulama m\u00fchendisi g\u00f6revini \u00fcstlenecek tak\u0131m arkada\u015f\u0131 ar\u0131yoruz.<\/p>\n<ul>\n<li>M\u00fc\u015fteri taleplerini teknik a\u00e7\u0131lardan de\u011ferlendirmek ve maliyet tespiti i\u00e7in sat\u0131\u015f ekibine bilgilendirme yapmak<\/li>\n<li>Proje isterleri ve teslim s\u00fcreleri do\u011frultusunda teknik analiz ve \u00fcretim planlamas\u0131 yapmak<\/li>\n<li>\u00dcretim plan\u0131 do\u011frultusunda teknik koordinasyonu sa\u011flamak<\/li>\n<li>ArGe projelerine m\u00fchendislik ve raporlama deste\u011fi vermek<\/li>\n<li>\u00dcretim maliyetlerini kontrol alt\u0131nda tutmak ve maliyet hedefleri do\u011frultusunda maliyet d\u00fc\u015f\u00fcr\u00fcc\u00fc \u00f6nlemler almak<\/li>\n<\/ul>\n<p><strong><br \/>\nUygulama M\u00fchendisi Ba\u015fvuru Formu<\/strong><\/p>\n<div class=\"frm_forms  with_frm_style frm_style_formidable-style\" id=\"frm_form_67_container\" >\n<form enctype=\"multipart\/form-data\" method=\"post\" class=\"frm-show-form  frm_pro_form \" id=\"form_rfnz53\"  >\n<div class=\"frm_form_fields \">\n<fieldset>\n<legend class=\"frm_screen_reader\">IK Ba\u015fvuru Formu - Uygulama M\u00fchendisi<\/legend>\r\n\r\n<div class=\"frm_fields_container\">\n<input type=\"hidden\" name=\"frm_action\" value=\"create\" \/>\n<input type=\"hidden\" name=\"form_id\" value=\"67\" \/>\n<input type=\"hidden\" name=\"frm_hide_fields_67\" id=\"frm_hide_fields_67\" value=\"\" \/>\n<input type=\"hidden\" name=\"form_key\" value=\"rfnz53\" \/>\n<input type=\"hidden\" name=\"item_meta[0]\" value=\"\" \/>\n<input type=\"hidden\" id=\"frm_submit_entry_67\" name=\"frm_submit_entry_67\" value=\"f4bdd427fe\" \/><input type=\"hidden\" name=\"_wp_http_referer\" value=\"\/en\/wp-json\/wp\/v2\/pages\/4203\" \/><label for=\"frm_verify_67\" class=\"frm_screen_reader frm_hidden\">If you are human, leave this field blank.<\/label>\n<input type=\"text\" class=\"frm_hidden frm_verify\" id=\"frm_verify_67\" name=\"frm_verify\" value=\"\"  \/>\n<div id=\"frm_field_573_container\" class=\"frm_form_field form-field  frm_required_field frm_top_container\">\r\n    <label for=\"field_2ym4g54\" class=\"frm_primary_label\">Ad Soyad\r\n        <span class=\"frm_required\">*<\/span>\r\n    <\/label>\r\n    <input type=\"text\" id=\"field_2ym4g54\" name=\"item_meta[573]\" value=\"\"  data-reqmsg=\"Bu alan bo\u015f b\u0131rak\u0131lamaz.\" data-invmsg=\"Text is invalid\"  \/>\r\n    \r\n    \r\n<\/div><\/br><\/br>\n<div id=\"frm_field_574_container\" class=\"frm_form_field form-field  frm_required_field frm_top_container\">\r\n    <label for=\"field_74mzv54\" class=\"frm_primary_label\">Do\u011fum Yeri \/ Tarihi\r\n        <span class=\"frm_required\">*<\/span>\r\n    <\/label>\r\n    <input type=\"text\" id=\"field_74mzv54\" name=\"item_meta[574]\" value=\"\"  data-reqmsg=\"Bu alan bo\u015f b\u0131rak\u0131lamaz.\" data-invmsg=\"Text is invalid\"  \/>\r\n    \r\n    \r\n<\/div><\/br><\/br>\n<div id=\"frm_field_575_container\" class=\"frm_form_field form-field  frm_required_field frm_top_container\">\r\n    <label for=\"field_4z0b054\" class=\"frm_primary_label\">Adres\r\n        <span class=\"frm_required\">*<\/span>\r\n    <\/label>\r\n    <input type=\"text\" id=\"field_4z0b054\" name=\"item_meta[575]\" value=\"\"  data-reqmsg=\"Bu alan bo\u015f b\u0131rak\u0131lamaz.\" data-invmsg=\"Text is invalid\"  \/>\r\n    \r\n    \r\n<\/div><\/br><\/br>\n<div id=\"frm_field_576_container\" class=\"frm_form_field form-field  frm_required_field frm_top_container\">\r\n    <label for=\"field_8v7m654\" class=\"frm_primary_label\">Cep Telefonu\r\n        <span class=\"frm_required\">*<\/span>\r\n    <\/label>\r\n    <input type=\"tel\" id=\"field_8v7m654\" name=\"item_meta[576]\" value=\"\"  data-reqmsg=\"Bu alan bo\u015f b\u0131rak\u0131lamaz.\" data-invmsg=\"Phone is invalid\" pattern=\"((\\+\\d{1,3}(-|.| )?\\(?\\d\\)?(-| |.)?\\d{1,5})|(\\(?\\d{2,6}\\)?))(-|.| )?(\\d{3,4})(-|.| )?(\\d{4})(( x| ext)\\d{1,5}){0,1}$\"  \/>\r\n    \r\n    \r\n<\/div><\/br><\/br>\n<div id=\"frm_field_577_container\" class=\"frm_form_field form-field  frm_required_field frm_top_container\">\r\n    <label for=\"field_9ivix4\" class=\"frm_primary_label\">Ev Telefonu\r\n        <span class=\"frm_required\">*<\/span>\r\n    <\/label>\r\n    <input type=\"tel\" id=\"field_9ivix4\" name=\"item_meta[577]\" value=\"\"  data-reqmsg=\"Bu alan bo\u015f b\u0131rak\u0131lamaz.\" data-invmsg=\"Phone is invalid\" pattern=\"((\\+\\d{1,3}(-|.| )?\\(?\\d\\)?(-| |.)?\\d{1,5})|(\\(?\\d{2,6}\\)?))(-|.| )?(\\d{3,4})(-|.| )?(\\d{4})(( x| ext)\\d{1,5}){0,1}$\"  \/>\r\n    \r\n    \r\n<\/div><\/br><\/br>\n<div id=\"frm_field_578_container\" class=\"frm_form_field form-field  frm_required_field frm_top_container\">\r\n    <label for=\"field_huarv54\" class=\"frm_primary_label\">E-Posta\r\n        <span class=\"frm_required\">*<\/span>\r\n    <\/label>\r\n    <input type=\"email\" id=\"field_huarv54\" name=\"item_meta[578]\" value=\"\"  data-reqmsg=\"Bu alan bo\u015f b\u0131rak\u0131lamaz.\" data-invmsg=\"Email is invalid\"  \/>\r\n    \r\n    \r\n<\/div><\/br><\/br>\n<div id=\"frm_field_579_container\" class=\"frm_form_field form-field  frm_required_field frm_top_container\">\r\n    <label for=\"field_80qz354\" class=\"frm_primary_label\">Askerlik Durumu\r\n        <span class=\"frm_required\">*<\/span>\r\n    <\/label>\r\n    <input type=\"text\" id=\"field_80qz354\" name=\"item_meta[579]\" value=\"\"  data-reqmsg=\"Bu alan bo\u015f b\u0131rak\u0131lamaz.\" data-invmsg=\"Text is invalid\"  \/>\r\n    \r\n    \r\n<\/div><\/br><\/br>\n<div id=\"frm_field_580_container\" class=\"frm_form_field form-field  frm_required_field frm_top_container\">\r\n    <label for=\"field_tun3k54\" class=\"frm_primary_label\">Yabanc\u0131 Dil\r\n        <span class=\"frm_required\">*<\/span>\r\n    <\/label>\r\n    <input type=\"text\" id=\"field_tun3k54\" name=\"item_meta[580]\" value=\"\"  data-reqmsg=\"Bu alan bo\u015f b\u0131rak\u0131lamaz.\" data-invmsg=\"Text is invalid\"  \/>\r\n    \r\n    \r\n<\/div><\/br><\/br>\n<div id=\"frm_field_581_container\" class=\"frm_form_field form-field  frm_required_field frm_top_container\">\r\n    <label for=\"field_m0fc954\" class=\"frm_primary_label\">E\u011fitim Durumu\r\n        <span class=\"frm_required\">*<\/span>\r\n    <\/label>\r\n    <input type=\"text\" id=\"field_m0fc954\" name=\"item_meta[581]\" value=\"\"  data-reqmsg=\"Bu alan bo\u015f b\u0131rak\u0131lamaz.\" data-invmsg=\"Text is invalid\"  \/>\r\n    \r\n    \r\n<\/div><\/br><\/br>\n<div id=\"frm_field_582_container\" class=\"frm_form_field form-field  frm_required_field frm_top_container\">\r\n    <label for=\"field_yj9dx4\" class=\"frm_primary_label\">\u0130\u015f Tecr\u00fcbesi\r\n        <span class=\"frm_required\">*<\/span>\r\n    <\/label>\r\n    <input type=\"text\" id=\"field_yj9dx4\" name=\"item_meta[582]\" value=\"\"  data-reqmsg=\"Bu alan bo\u015f b\u0131rak\u0131lamaz.\" data-invmsg=\"Text is invalid\"  \/>\r\n    \r\n    \r\n<\/div><\/br><\/br>\n<div id=\"frm_field_583_container\" class=\"frm_form_field form-field  frm_required_field frm_top_container\">\r\n    <label for=\"field_kcip954\" class=\"frm_primary_label\">S\u00fcr\u00fcc\u00fc Belgesi\r\n        <span class=\"frm_required\">*<\/span>\r\n    <\/label>\r\n    <input type=\"text\" id=\"field_kcip954\" name=\"item_meta[583]\" value=\"\"  data-reqmsg=\"Bu alan bo\u015f b\u0131rak\u0131lamaz.\" data-invmsg=\"Text is invalid\"  \/>\r\n    \r\n    \r\n<\/div><\/br><\/br>\n<div id=\"frm_field_584_container\" class=\"frm_form_field form-field  frm_required_field frm_top_container\">\r\n    <label for=\"field_e5x1r4\" class=\"frm_primary_label\">Seyahat Engeli\r\n        <span class=\"frm_required\">*<\/span>\r\n    <\/label>\r\n    <input type=\"text\" id=\"field_e5x1r4\" name=\"item_meta[584]\" value=\"\"  data-reqmsg=\"Bu alan bo\u015f b\u0131rak\u0131lamaz.\" data-invmsg=\"Text is invalid\"  \/>\r\n    \r\n    \r\n<\/div>\n<div id=\"frm_field_585_container\" class=\"frm_form_field form-field  frm_required_field frm_top_container\">\r\n    <label for=\"field_sjuwr4\" class=\"frm_primary_label\">\u00c7al\u0131\u015fmak \u0130stedi\u011fi Alanlar\r\n        <span class=\"frm_required\">*<\/span>\r\n    <\/label>\r\n    <input type=\"text\" id=\"field_sjuwr4\" name=\"item_meta[585]\" value=\"\"  data-reqmsg=\"Bu alan bo\u015f b\u0131rak\u0131lamaz.\" data-invmsg=\"Text is invalid\"  \/>\r\n    \r\n    \r\n<\/div><\/br><\/br>\n<div id=\"frm_field_586_container\" class=\"frm_form_field form-field  frm_required_field frm_top_container\">\r\n    <label for=\"field_glryq4\" class=\"frm_primary_label\">Talep Edilen Maa\u015f\r\n        <span class=\"frm_required\">*<\/span>\r\n    <\/label>\r\n    <input type=\"text\" id=\"field_glryq4\" name=\"item_meta[586]\" value=\"\"  data-reqmsg=\"Bu alan bo\u015f b\u0131rak\u0131lamaz.\" data-invmsg=\"Text is invalid\"  \/>\r\n    \r\n    \r\n<\/div><\/br><\/br>\n<div id=\"frm_field_587_container\" class=\"frm_form_field form-field  frm_required_field frm_top_container\">\r\n    <label for=\"field_1rl6n4\" class=\"frm_primary_label\">ilan\u0131m\u0131za nereden ula\u015ft\u0131n\u0131z?\r\n        <span class=\"frm_required\">*<\/span>\r\n    <\/label>\r\n    <input type=\"text\" id=\"field_1rl6n4\" name=\"item_meta[587]\" value=\"\"  data-reqmsg=\"Bu alan bo\u015f b\u0131rak\u0131lamaz.\" data-invmsg=\"Text is invalid\"  \/>\r\n    \r\n    \r\n<\/div><\/br><\/br>\n<div id=\"frm_field_588_container\" class=\"frm_form_field form-field  frm_none_container\">\r\n    <label for=\"field_s2esv4\" class=\"frm_primary_label\">CV ekleyin\r\n        <span class=\"frm_required\"><\/span>\r\n    <\/label>\r\n    <input type=\"hidden\" name=\"item_meta[588]\" value=\"\" data-frmfile=\"588\" \/>\n\n<div class=\"frm_dropzone frm_single_upload\" id=\"file588_dropzone\">\n\t<div class=\"fallback\">\n\t\t<input type=\"file\" name=\"file588\" id=\"field_s2esv4\"  data-invmsg=\"Ge\u00e7ersiz dosya format\u0131! L\u00fctfen .pdf dozya y\u00fckleyiniz.\" class=\"auto_width\"   \/>\n\t\t\t\t<div class=\"frm_clearfix \"><\/div>\n\t\t\n<div id=\"frm_loading\" style=\"display:none;background:url(https:\/\/infotron.com.tr\/en\/wp-content\/plugins\/formidable-pro\/images\/grey_bg.png);\">\n<div id=\"frm_loading_content\">\n<h3>Uploading Files. Please Wait.<\/h3><div class=\"progress progress-striped active\">\n    <div class=\"progress-bar\" role=\"progressbar\" aria-valuenow=\"100\" aria-valuemin=\"0\" aria-valuemax=\"100\"><\/div>\n<\/div>\n<\/div>\n<\/div>\n\t<\/div>\n\t<div class=\"dz-message needsclick\">\n\t\t<span class=\"frm_icon_font frm_upload_icon\"><\/span>\n\t\t<span class=\"frm_upload_text\">Drop a file here or click to upload<\/span>\n\t\t<span class=\"frm_compact_text\">Choose File<\/span>\n\t\t<div class=\"frm_small_text\">\n\t\t\tMaximum upload size: 15MB\t\t<\/div>\n\t<\/div>\n<\/div>\n\r\n    \r\n    \r\n<\/div><\/br><\/br>\n<div id=\"frm_field_589_container\" class=\"frm_form_field form-field  frm_top_container\">\r\n    <label  class=\"frm_primary_label\">Do\u011frulama\r\n        <span class=\"frm_required\"><\/span>\r\n    <\/label>\r\n    <div id=\"field_gehn74\" class=\"frm-g-recaptcha\" data-sitekey=\"6LdqTnMUAAAAAJGOHQ2HekDOBSxNZliygYviRX8k\" data-size=\"normal\" data-theme=\"light\"><\/div>\r\n    \r\n    \r\n<\/div><\/br><\/br>\n<input type=\"hidden\" name=\"item_key\" value=\"\" \/>\n<div class=\"frm_submit\">\r\n\r\n<button class=\"frm_button_submit frm_final_submit\" type=\"submit\"   formnovalidate=\"formnovalidate\">G\u00f6nder<\/button>\r\n\r\n<\/div><\/div>\n<\/fieldset>\n<\/div>\n<p style=\"display: none !important;\" class=\"akismet-fields-container\" data-prefix=\"ak_\"><label>&#916;<textarea name=\"ak_hp_textarea\" cols=\"45\" rows=\"8\" maxlength=\"100\"><\/textarea><\/label><input type=\"hidden\" id=\"ak_js_1\" name=\"ak_js\" value=\"121\"\/><script>document.getElementById( \"ak_js_1\" ).setAttribute( \"value\", ( new Date() ).getTime() );<\/script><\/p><\/form>\n<\/div>\n\n","protected":false},"excerpt":{"rendered":"<p>UYGULAMA M\u00dcHEND\u0130S\u0130 Genel Nitelikler \u00dcniversitelerin ilgili fak\u00fclte &#8211; b\u00f6l\u00fcmlerinden mezun Mekanik tasar\u0131m ve imalat teknikleri konusunda tecr\u00fcbe sahibi Ar-Ge proje deneyimi olan (tercihen uluslararas\u0131 Ar-Ge projelerinde) Yeni teknolojilere ilgi ve merak duyan, tercihen \u00fc\u00e7 boyutlu yaz\u0131c\u0131lar konusunda bilgi sahibi Planlama, organizasyon ve koordinasyon becerisine sahip \u0130leti\u015fim becerileri geli\u015fmi\u015f Proaktif ve analitik Pratik ve \u00e7\u00f6z\u00fcm odakl\u0131 [&hellip;]<\/p>\n","protected":false},"author":1,"featured_media":0,"parent":0,"menu_order":0,"comment_status":"closed","ping_status":"closed","template":"","meta":{"footnotes":""},"_links":{"self":[{"href":"https:\/\/infotron.com.tr\/en\/wp-json\/wp\/v2\/pages\/4203"}],"collection":[{"href":"https:\/\/infotron.com.tr\/en\/wp-json\/wp\/v2\/pages"}],"about":[{"href":"https:\/\/infotron.com.tr\/en\/wp-json\/wp\/v2\/types\/page"}],"author":[{"embeddable":true,"href":"https:\/\/infotron.com.tr\/en\/wp-json\/wp\/v2\/users\/1"}],"replies":[{"embeddable":true,"href":"https:\/\/infotron.com.tr\/en\/wp-json\/wp\/v2\/comments?post=4203"}],"version-history":[{"count":5,"href":"https:\/\/infotron.com.tr\/en\/wp-json\/wp\/v2\/pages\/4203\/revisions"}],"predecessor-version":[{"id":4416,"href":"https:\/\/infotron.com.tr\/en\/wp-json\/wp\/v2\/pages\/4203\/revisions\/4416"}],"wp:attachment":[{"href":"https:\/\/infotron.com.tr\/en\/wp-json\/wp\/v2\/media?parent=4203"}],"curies":[{"name":"wp","href":"https:\/\/api.w.org\/{rel}","templated":true}]}}