{"id":4001,"date":"2019-01-04T05:32:35","date_gmt":"2019-01-04T05:32:35","guid":{"rendered":"https:\/\/infotron.com.tr\/en\/?page_id=4001"},"modified":"2019-04-21T21:40:11","modified_gmt":"2019-04-21T21:40:11","slug":"teknik-destek-uzmani","status":"publish","type":"page","link":"https:\/\/infotron.com.tr\/en\/teknik-destek-uzmani\/","title":{"rendered":"Teknik Destek Uzman\u0131"},"content":{"rendered":"<p><strong>TEKN\u0130K DESTEK UZMANI<\/strong><\/p>\n<p><strong>Genel Nitelikler<\/strong><\/p>\n<ul>\n<li>\u00dcniversitelerin MYO (makine veya elektrik,elektronik) veya 4 y\u0131ll\u0131k ilgili fak\u00fcltelerinden mezun,<\/li>\n<li>Tercihen \u0130yi derecede yaz\u0131l\u0131 ve s\u00f6zl\u00fc \u0130ngilizce bilgisine sahip,<\/li>\n<li>Mekatronik sistemlerin servis, demo, e\u011fitim \u00e7al\u0131\u015fmalar\u0131 tecr\u00fcbesine sahip,<\/li>\n<li>Tercihen CMM, 3B Tarama ve \u00d6l\u00e7\u00fcm sistemleri kullanma ve\/veya tecr\u00fcbesine sahip,<\/li>\n<li>Planlama ve koordinasyon becerisine sahip,<\/li>\n<li>Analiz, raporlama ve dok\u00fcmantasyon becerisine sahip,<\/li>\n<li>S\u00fcr\u00fcc\u00fc ehliyetine sahip,aktif ara\u00e7 kullanabilen,<\/li>\n<li>Seyahat engeli olmayan,<br \/>\nErkek adaylar i\u00e7in askerlik ile ili\u015fkisi olmayan,<\/li>\n<li>\u0130\u015f ve m\u00fc\u015fteri takip odakl\u0131,<\/li>\n<li>\u0130leti\u015fim becerisine sahip.<\/li>\n<\/ul>\n<p><strong>\u0130\u015f Tan\u0131m\u0131<\/strong><\/p>\n<ul>\n<li>infoTRON&#8217;a ait \u00fcr\u00fcnlerin kurulumlar\u0131n\u0131n yap\u0131lmas\u0131,<\/li>\n<li>ilgili \u00fcr\u00fcnlerin e\u011fitimlerinin verilmesi, \u00fcr\u00fcnlerin periyodik bak\u0131mlar\u0131n\u0131n yap\u0131lmas\u0131,<\/li>\n<li>Cihazlarda olu\u015fan ar\u0131zalar\u0131n giderilmesi,<\/li>\n<li>Cihaz ve yaz\u0131l\u0131mlar\u0131nda olu\u015fabilecek sorunlar\u0131n giderilmesi,<\/li>\n<\/ul>\n<p><strong><br \/>\nTeknik Destek Uzman\u0131 Ba\u015fvuru Formu<\/strong><\/p>\n<div class=\"frm_forms  with_frm_style frm_style_formidable-style\" id=\"frm_form_62_container\" >\n<form enctype=\"multipart\/form-data\" method=\"post\" class=\"frm-show-form  frm_pro_form \" id=\"form_rfnz522\"  >\n<div class=\"frm_form_fields \">\n<fieldset>\n<legend class=\"frm_screen_reader\">IK Ba\u015fvuru Formu - Teknik Destek Uzman\u0131<\/legend>\r\n\r\n<div class=\"frm_fields_container\">\n<input type=\"hidden\" name=\"frm_action\" value=\"create\" \/>\n<input type=\"hidden\" name=\"form_id\" value=\"62\" \/>\n<input type=\"hidden\" name=\"frm_hide_fields_62\" id=\"frm_hide_fields_62\" value=\"\" \/>\n<input type=\"hidden\" name=\"form_key\" value=\"rfnz522\" \/>\n<input type=\"hidden\" name=\"item_meta[0]\" value=\"\" \/>\n<input type=\"hidden\" id=\"frm_submit_entry_62\" name=\"frm_submit_entry_62\" value=\"f4bdd427fe\" \/><input type=\"hidden\" name=\"_wp_http_referer\" value=\"\/en\/wp-json\/wp\/v2\/pages\/4001\" \/><label for=\"frm_verify_62\" class=\"frm_screen_reader frm_hidden\">If you are human, leave this field blank.<\/label>\n<input type=\"text\" class=\"frm_hidden frm_verify\" id=\"frm_verify_62\" name=\"frm_verify\" value=\"\"  \/>\n<div id=\"frm_field_505_container\" class=\"frm_form_field form-field  frm_required_field frm_top_container\">\r\n    <label for=\"field_2ym4g53\" class=\"frm_primary_label\">Ad Soyad\r\n        <span class=\"frm_required\">*<\/span>\r\n    <\/label>\r\n    <input type=\"text\" id=\"field_2ym4g53\" name=\"item_meta[505]\" value=\"\"  data-reqmsg=\"Bu alan bo\u015f b\u0131rak\u0131lamaz.\" data-invmsg=\"Text is invalid\"  \/>\r\n    \r\n    \r\n<\/div><\/br><\/br>\n<div id=\"frm_field_506_container\" class=\"frm_form_field form-field  frm_required_field frm_top_container\">\r\n    <label for=\"field_74mzv53\" class=\"frm_primary_label\">Do\u011fum Yeri \/ Tarihi\r\n        <span class=\"frm_required\">*<\/span>\r\n    <\/label>\r\n    <input type=\"text\" id=\"field_74mzv53\" name=\"item_meta[506]\" value=\"\"  data-reqmsg=\"Bu alan bo\u015f b\u0131rak\u0131lamaz.\" data-invmsg=\"Text is invalid\"  \/>\r\n    \r\n    \r\n<\/div><\/br><\/br>\n<div id=\"frm_field_507_container\" class=\"frm_form_field form-field  frm_required_field frm_top_container\">\r\n    <label for=\"field_4z0b053\" class=\"frm_primary_label\">Adres\r\n        <span class=\"frm_required\">*<\/span>\r\n    <\/label>\r\n    <input type=\"text\" id=\"field_4z0b053\" name=\"item_meta[507]\" value=\"\"  data-reqmsg=\"Bu alan bo\u015f b\u0131rak\u0131lamaz.\" data-invmsg=\"Text is invalid\"  \/>\r\n    \r\n    \r\n<\/div><\/br><\/br>\n<div id=\"frm_field_508_container\" class=\"frm_form_field form-field  frm_required_field frm_top_container\">\r\n    <label for=\"field_8v7m653\" class=\"frm_primary_label\">Cep Telefonu\r\n        <span class=\"frm_required\">*<\/span>\r\n    <\/label>\r\n    <input type=\"tel\" id=\"field_8v7m653\" name=\"item_meta[508]\" value=\"\"  data-reqmsg=\"Bu alan bo\u015f b\u0131rak\u0131lamaz.\" data-invmsg=\"Phone is invalid\" pattern=\"((\\+\\d{1,3}(-|.| )?\\(?\\d\\)?(-| |.)?\\d{1,5})|(\\(?\\d{2,6}\\)?))(-|.| )?(\\d{3,4})(-|.| )?(\\d{4})(( x| ext)\\d{1,5}){0,1}$\"  \/>\r\n    \r\n    \r\n<\/div><\/br><\/br>\n<div id=\"frm_field_509_container\" class=\"frm_form_field form-field  frm_required_field frm_top_container\">\r\n    <label for=\"field_9ivix32\" class=\"frm_primary_label\">Ev Telefonu\r\n        <span class=\"frm_required\">*<\/span>\r\n    <\/label>\r\n    <input type=\"tel\" id=\"field_9ivix32\" name=\"item_meta[509]\" value=\"\"  data-reqmsg=\"Bu alan bo\u015f b\u0131rak\u0131lamaz.\" data-invmsg=\"Phone is invalid\" pattern=\"((\\+\\d{1,3}(-|.| )?\\(?\\d\\)?(-| |.)?\\d{1,5})|(\\(?\\d{2,6}\\)?))(-|.| )?(\\d{3,4})(-|.| )?(\\d{4})(( x| ext)\\d{1,5}){0,1}$\"  \/>\r\n    \r\n    \r\n<\/div><\/br><\/br>\n<div id=\"frm_field_510_container\" class=\"frm_form_field form-field  frm_required_field frm_top_container\">\r\n    <label for=\"field_huarv53\" class=\"frm_primary_label\">E-Posta\r\n        <span class=\"frm_required\">*<\/span>\r\n    <\/label>\r\n    <input type=\"email\" id=\"field_huarv53\" name=\"item_meta[510]\" value=\"\"  data-reqmsg=\"Bu alan bo\u015f b\u0131rak\u0131lamaz.\" data-invmsg=\"Email is invalid\"  \/>\r\n    \r\n    \r\n<\/div><\/br><\/br>\n<div id=\"frm_field_511_container\" class=\"frm_form_field form-field  frm_required_field frm_top_container\">\r\n    <label for=\"field_80qz353\" class=\"frm_primary_label\">Askerlik Durumu\r\n        <span class=\"frm_required\">*<\/span>\r\n    <\/label>\r\n    <input type=\"text\" id=\"field_80qz353\" name=\"item_meta[511]\" value=\"\"  data-reqmsg=\"Bu alan bo\u015f b\u0131rak\u0131lamaz.\" data-invmsg=\"Text is invalid\"  \/>\r\n    \r\n    \r\n<\/div><\/br><\/br>\n<div id=\"frm_field_512_container\" class=\"frm_form_field form-field  frm_required_field frm_top_container\">\r\n    <label for=\"field_tun3k53\" class=\"frm_primary_label\">Yabanc\u0131 Dil\r\n        <span class=\"frm_required\">*<\/span>\r\n    <\/label>\r\n    <input type=\"text\" id=\"field_tun3k53\" name=\"item_meta[512]\" value=\"\"  data-reqmsg=\"Bu alan bo\u015f b\u0131rak\u0131lamaz.\" data-invmsg=\"Text is invalid\"  \/>\r\n    \r\n    \r\n<\/div><\/br><\/br>\n<div id=\"frm_field_513_container\" class=\"frm_form_field form-field  frm_required_field frm_top_container\">\r\n    <label for=\"field_m0fc953\" class=\"frm_primary_label\">E\u011fitim Durumu\r\n        <span class=\"frm_required\">*<\/span>\r\n    <\/label>\r\n    <input type=\"text\" id=\"field_m0fc953\" name=\"item_meta[513]\" value=\"\"  data-reqmsg=\"Bu alan bo\u015f b\u0131rak\u0131lamaz.\" data-invmsg=\"Text is invalid\"  \/>\r\n    \r\n    \r\n<\/div><\/br><\/br>\n<div id=\"frm_field_514_container\" class=\"frm_form_field form-field  frm_required_field frm_top_container\">\r\n    <label for=\"field_yj9dx32\" class=\"frm_primary_label\">\u0130\u015f Tecr\u00fcbesi\r\n        <span class=\"frm_required\">*<\/span>\r\n    <\/label>\r\n    <input type=\"text\" id=\"field_yj9dx32\" name=\"item_meta[514]\" value=\"\"  data-reqmsg=\"Bu alan bo\u015f b\u0131rak\u0131lamaz.\" data-invmsg=\"Text is invalid\"  \/>\r\n    \r\n    \r\n<\/div><\/br><\/br>\n<div id=\"frm_field_515_container\" class=\"frm_form_field form-field  frm_required_field frm_top_container\">\r\n    <label for=\"field_kcip953\" class=\"frm_primary_label\">S\u00fcr\u00fcc\u00fc Belgesi\r\n        <span class=\"frm_required\">*<\/span>\r\n    <\/label>\r\n    <input type=\"text\" id=\"field_kcip953\" name=\"item_meta[515]\" value=\"\"  data-reqmsg=\"Bu alan bo\u015f b\u0131rak\u0131lamaz.\" data-invmsg=\"Text is invalid\"  \/>\r\n    \r\n    \r\n<\/div><\/br><\/br>\n<div id=\"frm_field_516_container\" class=\"frm_form_field form-field  frm_required_field frm_top_container\">\r\n    <label for=\"field_e5x1r32\" class=\"frm_primary_label\">Seyahat Engeli\r\n        <span class=\"frm_required\">*<\/span>\r\n    <\/label>\r\n    <input type=\"text\" id=\"field_e5x1r32\" name=\"item_meta[516]\" value=\"\"  data-reqmsg=\"Bu alan bo\u015f b\u0131rak\u0131lamaz.\" data-invmsg=\"Text is invalid\"  \/>\r\n    \r\n    \r\n<\/div><\/br><\/br>\n<div id=\"frm_field_517_container\" class=\"frm_form_field form-field  frm_required_field frm_top_container\">\r\n    <label for=\"field_sjuwr32\" class=\"frm_primary_label\">\u00c7al\u0131\u015fmak \u0130stedi\u011fi Alanlar\r\n        <span class=\"frm_required\">*<\/span>\r\n    <\/label>\r\n    <input type=\"text\" id=\"field_sjuwr32\" name=\"item_meta[517]\" value=\"\"  data-reqmsg=\"Bu alan bo\u015f b\u0131rak\u0131lamaz.\" data-invmsg=\"Text is invalid\"  \/>\r\n    \r\n    \r\n<\/div><\/br><\/br>\n<div id=\"frm_field_518_container\" class=\"frm_form_field form-field  frm_required_field frm_top_container\">\r\n    <label for=\"field_glryq32\" class=\"frm_primary_label\">Talep Edilen Maa\u015f\r\n        <span class=\"frm_required\">*<\/span>\r\n    <\/label>\r\n    <input type=\"text\" id=\"field_glryq32\" name=\"item_meta[518]\" value=\"\"  data-reqmsg=\"Bu alan bo\u015f b\u0131rak\u0131lamaz.\" data-invmsg=\"Text is invalid\"  \/>\r\n    \r\n    \r\n<\/div><\/br><\/br>\n<div id=\"frm_field_519_container\" class=\"frm_form_field form-field  frm_required_field frm_top_container\">\r\n    <label for=\"field_1rl6n32\" class=\"frm_primary_label\">ilan\u0131m\u0131za nereden ula\u015ft\u0131n\u0131z?\r\n        <span class=\"frm_required\">*<\/span>\r\n    <\/label>\r\n    <input type=\"text\" id=\"field_1rl6n32\" name=\"item_meta[519]\" value=\"\"  data-reqmsg=\"Bu alan bo\u015f b\u0131rak\u0131lamaz.\" data-invmsg=\"Text is invalid\"  \/>\r\n    \r\n    \r\n<\/div><\/br><\/br>\n<div id=\"frm_field_520_container\" class=\"frm_form_field form-field  frm_none_container\">\r\n    <label for=\"field_s2esv32\" class=\"frm_primary_label\">CV ekleyin\r\n        <span class=\"frm_required\"><\/span>\r\n    <\/label>\r\n    <input type=\"hidden\" name=\"item_meta[520]\" value=\"\" data-frmfile=\"520\" \/>\n\n<div class=\"frm_dropzone frm_single_upload\" id=\"file520_dropzone\">\n\t<div class=\"fallback\">\n\t\t<input type=\"file\" name=\"file520\" id=\"field_s2esv32\"  data-invmsg=\"Ge\u00e7ersiz dosya format\u0131! L\u00fctfen .pdf dozya y\u00fckleyiniz.\" class=\"auto_width\"   \/>\n\t\t\t\t<div class=\"frm_clearfix \"><\/div>\n\t\t\n<div id=\"frm_loading\" style=\"display:none;background:url(https:\/\/infotron.com.tr\/en\/wp-content\/plugins\/formidable-pro\/images\/grey_bg.png);\">\n<div id=\"frm_loading_content\">\n<h3>Uploading Files. Please Wait.<\/h3><div class=\"progress progress-striped active\">\n    <div class=\"progress-bar\" role=\"progressbar\" aria-valuenow=\"100\" aria-valuemin=\"0\" aria-valuemax=\"100\"><\/div>\n<\/div>\n<\/div>\n<\/div>\n\t<\/div>\n\t<div class=\"dz-message needsclick\">\n\t\t<span class=\"frm_icon_font frm_upload_icon\"><\/span>\n\t\t<span class=\"frm_upload_text\">Drop a file here or click to upload<\/span>\n\t\t<span class=\"frm_compact_text\">Choose File<\/span>\n\t\t<div class=\"frm_small_text\">\n\t\t\tMaximum upload size: 15MB\t\t<\/div>\n\t<\/div>\n<\/div>\n\r\n    \r\n    \r\n<\/div><\/br><\/br>\n<div id=\"frm_field_521_container\" class=\"frm_form_field form-field  frm_top_container\">\r\n    <label  class=\"frm_primary_label\">Do\u011frulama\r\n        <span class=\"frm_required\"><\/span>\r\n    <\/label>\r\n    <div id=\"field_gehn732\" class=\"frm-g-recaptcha\" data-sitekey=\"6LdqTnMUAAAAAJGOHQ2HekDOBSxNZliygYviRX8k\" data-size=\"normal\" data-theme=\"light\"><\/div>\r\n    \r\n    \r\n<\/div><\/br><\/br>\n<input type=\"hidden\" name=\"item_key\" value=\"\" \/>\n<div class=\"frm_submit\">\r\n\r\n<button class=\"frm_button_submit frm_final_submit\" type=\"submit\"   formnovalidate=\"formnovalidate\">G\u00f6nder<\/button>\r\n\r\n<\/div><\/div>\n<\/fieldset>\n<\/div>\n<p style=\"display: none !important;\" class=\"akismet-fields-container\" data-prefix=\"ak_\"><label>&#916;<textarea name=\"ak_hp_textarea\" cols=\"45\" rows=\"8\" maxlength=\"100\"><\/textarea><\/label><input type=\"hidden\" id=\"ak_js_1\" name=\"ak_js\" value=\"46\"\/><script>document.getElementById( \"ak_js_1\" ).setAttribute( \"value\", ( new Date() ).getTime() );<\/script><\/p><\/form>\n<\/div>\n\n","protected":false},"excerpt":{"rendered":"<p>TEKN\u0130K DESTEK UZMANI Genel Nitelikler \u00dcniversitelerin MYO (makine veya elektrik,elektronik) veya 4 y\u0131ll\u0131k ilgili fak\u00fcltelerinden mezun, Tercihen \u0130yi derecede yaz\u0131l\u0131 ve s\u00f6zl\u00fc \u0130ngilizce bilgisine sahip, Mekatronik sistemlerin servis, demo, e\u011fitim \u00e7al\u0131\u015fmalar\u0131 tecr\u00fcbesine sahip, Tercihen CMM, 3B Tarama ve \u00d6l\u00e7\u00fcm sistemleri kullanma ve\/veya tecr\u00fcbesine sahip, Planlama ve koordinasyon becerisine sahip, Analiz, raporlama ve dok\u00fcmantasyon becerisine sahip, [&hellip;]<\/p>\n","protected":false},"author":1,"featured_media":0,"parent":0,"menu_order":0,"comment_status":"closed","ping_status":"closed","template":"","meta":{"footnotes":""},"_links":{"self":[{"href":"https:\/\/infotron.com.tr\/en\/wp-json\/wp\/v2\/pages\/4001"}],"collection":[{"href":"https:\/\/infotron.com.tr\/en\/wp-json\/wp\/v2\/pages"}],"about":[{"href":"https:\/\/infotron.com.tr\/en\/wp-json\/wp\/v2\/types\/page"}],"author":[{"embeddable":true,"href":"https:\/\/infotron.com.tr\/en\/wp-json\/wp\/v2\/users\/1"}],"replies":[{"embeddable":true,"href":"https:\/\/infotron.com.tr\/en\/wp-json\/wp\/v2\/comments?post=4001"}],"version-history":[{"count":4,"href":"https:\/\/infotron.com.tr\/en\/wp-json\/wp\/v2\/pages\/4001\/revisions"}],"predecessor-version":[{"id":5181,"href":"https:\/\/infotron.com.tr\/en\/wp-json\/wp\/v2\/pages\/4001\/revisions\/5181"}],"wp:attachment":[{"href":"https:\/\/infotron.com.tr\/en\/wp-json\/wp\/v2\/media?parent=4001"}],"curies":[{"name":"wp","href":"https:\/\/api.w.org\/{rel}","templated":true}]}}