{"id":3753,"date":"2018-11-20T10:59:29","date_gmt":"2018-11-20T10:59:29","guid":{"rendered":"https:\/\/infotron.com.tr\/en\/?page_id=3753"},"modified":"2019-04-22T08:05:35","modified_gmt":"2019-04-22T08:05:35","slug":"tersine-muhendislik-3d-tarama-ve-modelleme-hizmetleri-trn","status":"publish","type":"page","link":"https:\/\/infotron.com.tr\/en\/tersine-muhendislik-3d-tarama-ve-modelleme-hizmetleri-trn\/","title":{"rendered":"Tersine M\u00fchendislik &#8211; 3D Tarama ve Modelleme Hizmetleri-TRN"},"content":{"rendered":"<section class=\"avia_codeblock_section  avia_code_block_0\"  itemscope=\"itemscope\" itemtype=\"https:\/\/schema.org\/CreativeWork\" ><div class='avia_codeblock '  itemprop=\"text\" > [avia_codeblock_placeholder uid=\"0\"] <\/div><\/section>\n<section class=\"av_textblock_section \"  itemscope=\"itemscope\" itemtype=\"https:\/\/schema.org\/CreativeWork\" ><div class='avia_textblock  '   itemprop=\"text\" ><h4>3 Boyutlu Tarama bilgisayar ortam\u0131nda herhangi bir tasar\u0131m datas\u0131 bulunmayan \u00fcr\u00fcn\/yap\u0131lar\u0131n tasar\u0131m ve m\u00fchendislik detaylar\u0131n\u0131n dijital ortama aktar\u0131lmas\u0131 i\u015flemi olarak tan\u0131mlanabilir.<\/h4>\n<p>3 Boyutlu Tarama i\u015flemi fikir ve \u00e7al\u0131\u015fmalar\u0131n, gerekli verilerinin bilgisayar ortam\u0131nda s\u0131f\u0131rdan olu\u015fturulup bar\u0131nd\u0131r\u0131lmas\u0131nda en ideal \u00e7\u00f6z\u00fcm olarak g\u00f6r\u00fclmektedir. 3 Boyutlu Tarama ile elde edilen veriler, tasar\u0131mc\u0131 ve imalat\u00e7\u0131lara tersine m\u00fchendislik ve kalite kontrol gibi farkl\u0131 alanlarda \u00f6nemli kaynaklar sa\u011flamaktad\u0131r.<\/p>\n<\/div><\/section>\n<div style='height:30px' class='hr hr-invisible  '><span class='hr-inner ' ><span class='hr-inner-style'><\/span><\/span><\/div>\n<div class=\"flex_column av_one_full  flex_column_div av-zero-column-padding first  \" style='border-radius:0px; '><div class='avia-image-container  av-styling-     avia-align-center '  itemprop=\"ImageObject\" itemscope=\"itemscope\" itemtype=\"https:\/\/schema.org\/ImageObject\"  ><div class='avia-image-container-inner'><div class='avia-image-overlay-wrap'><img class='avia_image ' src='https:\/\/infotron.com.tr\/en\/wp-content\/uploads\/2018\/11\/tersine-muhendislik_01.jpg' alt='' title='tersine-muhendislik_01' height=\"519\"width=\"800\"  itemprop=\"thumbnailUrl\"  \/><\/div><\/div><\/div><\/div>\n<div style='height:50px' class='hr hr-invisible   '><span class='hr-inner ' ><span class='hr-inner-style'><\/span><\/span><\/div>\n<section class=\"av_textblock_section \"  itemscope=\"itemscope\" itemtype=\"https:\/\/schema.org\/CreativeWork\" ><div class='avia_textblock  '   itemprop=\"text\" ><h5>Tersine M\u00fchendislik<\/h5>\n<p>3 Boyutlu datas\u0131 mevcut olmayan, ancak \u00fcretilmi\u015f \u00f6rne\u011fi bulunan \u00fcr\u00fcnlerin 3 boyutlu tarama ile elde edilen bilgisayar destekli datas\u0131, \u00fcr\u00fcn\u00fcn tasar\u0131m ve m\u00fchendislik anlam\u0131nda iyile\u015ftirilmesi ve\/veya yeniden \u00fcretiminde gerekli kayna\u011f\u0131 olu\u015fturur.<\/p>\n<ul>\n<li>Geometrik olmayan par\u00e7alar\u0131n kolayca CAD modelinin olu\u015fturulmas\u0131<\/li>\n<li>Deforme olmu\u015f par\u00e7alar\u0131n CAD modelinin olu\u015fturulmas\u0131<\/li>\n<li>\u00dczerinden kumpas, mikrometre gibi \u00f6l\u00e7\u00fc aletleriyle \u00f6l\u00e7\u00fc al\u0131namayacak par\u00e7alar\u0131n CAD modelinin olu\u015fturulmas\u0131<\/li>\n<li>Y\u00fcksek hassasiyetlerde CAD model olu\u015fturulmas\u0131<\/li>\n<li>CAD model olu\u015fturma s\u00fcresinin k\u0131salmas\u0131<\/li>\n<li>Tasar\u0131m hatalar\u0131n\u0131n minimize edilmesi<\/li>\n<li>Parametrik CAD model olu\u015fturulabilmesi<\/li>\n<li>Kaliteli, h\u0131zl\u0131 ve ekonomik \u00e7\u00f6z\u00fcmler sunmas\u0131<\/li>\n<\/ul>\n<\/div><\/section>\n<div class=\"flex_column av_one_full  flex_column_div av-zero-column-padding first  \" style='border-radius:0px; '><div class='avia-image-container  av-styling-     avia-align-center '  itemprop=\"ImageObject\" itemscope=\"itemscope\" itemtype=\"https:\/\/schema.org\/ImageObject\"  ><div class='avia-image-container-inner'><div class='avia-image-overlay-wrap'><img class='avia_image ' src='https:\/\/infotron.com.tr\/en\/wp-content\/uploads\/2018\/11\/tersine-muhendislik_02.jpg' alt='' title='tersine-muhendislik_02' height=\"695\"width=\"800\"  itemprop=\"thumbnailUrl\"  \/><\/div><\/div><\/div><\/div>\n<div style='height:50px' class='hr hr-invisible   '><span class='hr-inner ' ><span class='hr-inner-style'><\/span><\/span><\/div>\n<section class=\"av_textblock_section \"  itemscope=\"itemscope\" itemtype=\"https:\/\/schema.org\/CreativeWork\" ><div class='avia_textblock  '   itemprop=\"text\" ><h5>Kalite Kontrol<\/h5>\n<p>\u00dcr\u00fcn geli\u015ftirme m\u00fchendislerimiz, ihtiya\u00e7 duyulan \u00e7al\u0131\u015fmaya en uygun maliyet, en y\u00fcksek do\u011fruluk ve en h\u0131zl\u0131 sonu\u00e7 ilkelerini g\u00f6z \u00f6n\u00fcnde bulundurarak karar verir.<br \/>\nKalite kontrol projelerinde hem 3 boyutlu data hem de 2 boyutlu teknik resim \u00fczerinden \u00e7al\u0131\u015fmalar yap\u0131lmaktad\u0131r. Modelleme yaz\u0131l\u0131m\u0131ndan al\u0131nan 3 boyutlu veriler, kalite kontrol yaz\u0131l\u0131mlar\u0131 kullan\u0131larak al\u0131nacak \u00f6l\u00e7\u00fcm ve raporlar olu\u015fturulur. Geometrik \u00f6l\u00e7\u00fc ve toleranslar\u0131n belirlenmesinin istendi\u011fi projelerde, planlama i\u00e7ine d\u00e2hil edilen bu \u00f6l\u00e7\u00fcler, yaz\u0131l\u0131ma tan\u0131t\u0131l\u0131r. Tan\u0131t\u0131lan \u00f6l\u00e7\u00fclerin say\u0131s\u0131 ne kadar \u00e7ok olursa olsun, t\u00fcm \u00f6l\u00e7\u00fcmler her par\u00e7a i\u00e7in sadece birka\u00e7 dakika i\u00e7inde sonu\u00e7land\u0131r\u0131labilir. Bu \u015fekilde seri \u00fcretimde \u00f6rnekleme s\u0131kl\u0131\u011f\u0131 artt\u0131r\u0131lsa da, kalite kontrol maliyetleri azal\u0131r.<\/p>\n<ul>\n<li>Y\u00fczeysel Sapma kontrol\u00fc<\/li>\n<li>Noktasal \u00d6l\u00e7\u00fcm<\/li>\n<li>Kesit \u00fczerinden \u00f6l\u00e7\u00fcsel kontrol<\/li>\n<li>Trim hatlar\u0131n\u0131n kontrol\u00fc<\/li>\n<li>3D GD&amp;T Kontrol\u00fc<\/li>\n<li>2D GD&amp;T Kontrol\u00fc<\/li>\n<li>Otomatik raporlama<\/li>\n<\/ul>\n<\/div><\/section>\n<div class=\"flex_column av_one_full  flex_column_div av-zero-column-padding first  \" style='border-radius:0px; '><div class='avia-image-container  av-styling-     avia-align-center '  itemprop=\"ImageObject\" itemscope=\"itemscope\" itemtype=\"https:\/\/schema.org\/ImageObject\"  ><div class='avia-image-container-inner'><div class='avia-image-overlay-wrap'><img class='avia_image ' src='https:\/\/infotron.com.tr\/en\/wp-content\/uploads\/2018\/11\/tersine-muhendislik_03.jpg' alt='' title='tersine-muhendislik_03' height=\"700\"width=\"800\"  itemprop=\"thumbnailUrl\"  \/><\/div><\/div><\/div><\/div>\n<div style='height:50px' class='hr hr-invisible   '><span class='hr-inner ' ><span class='hr-inner-style'><\/span><\/span><\/div>\n<section class=\"av_textblock_section \"  itemscope=\"itemscope\" itemtype=\"https:\/\/schema.org\/CreativeWork\" ><div class='avia_textblock  '   itemprop=\"text\" ><h5>Scan to BIM<\/h5>\n<p>Dijital verisi ve herhangi bir yaz\u0131l\u0131 dok\u00fcman\u0131 bulunmayan yap\u0131, end\u00fcstriyel tesis, tarihi eser vb. uygulamalar\u0131n 3 Boyutlu tarama cihaz\u0131 ile taranarak, tarama datas\u0131ndan elde edilen veriler ile parametrik bir 3 boyutlu model olu\u015fturulup dijital ortama aktar\u0131lmas\u0131 olarak tan\u0131mlayabiliriz. Bu aktarma sayesinde klasik r\u00f6leve i\u015flemlerinde %80lere varan zaman tasarrufu sa\u011flar, \u00e7\u0131kan sonu\u00e7lar ise el ile al\u0131nan verilerden daha do\u011fru ve sa\u011fl\u0131kl\u0131 olur. 3 Boyutlu tarama ve modelleme \u00e7al\u0131\u015fmalar\u0131 gerekli verilerin bilgisayar ortam\u0131nda s\u0131f\u0131rdan ya da mevcut \u015fekilde modellenip datalar\u0131n ar\u015fivlenmesinde de en ideal \u00e7\u00f6z\u00fcmd\u00fcr. Dijital Twin kapsam\u0131nda, 3 boyutlu tarama ve modelleme yetkinliklerimizle beraber bir\u00e7ok uygulaman\u0131n dijital d\u00f6n\u00fc\u015f\u00fcmlerini ger\u00e7ekle\u015ftiriyoruz.<\/p>\n<\/div><\/section>\n<div class=\"flex_column av_one_full  flex_column_div av-zero-column-padding first  \" style='border-radius:0px; '><div class='avia-image-container  av-styling-     avia-align-center '  itemprop=\"ImageObject\" itemscope=\"itemscope\" itemtype=\"https:\/\/schema.org\/ImageObject\"  ><div class='avia-image-container-inner'><div class='avia-image-overlay-wrap'><img class='avia_image ' src='https:\/\/infotron.com.tr\/en\/wp-content\/uploads\/2018\/11\/tersine-muhendislik_04.jpg' alt='' title='tersine-muhendislik_04' height=\"428\"width=\"800\"  itemprop=\"thumbnailUrl\"  \/><\/div><\/div><\/div><\/div>\n","protected":false},"excerpt":{"rendered":"","protected":false},"author":1,"featured_media":0,"parent":0,"menu_order":0,"comment_status":"closed","ping_status":"closed","template":"","meta":{"footnotes":""},"_links":{"self":[{"href":"https:\/\/infotron.com.tr\/en\/wp-json\/wp\/v2\/pages\/3753"}],"collection":[{"href":"https:\/\/infotron.com.tr\/en\/wp-json\/wp\/v2\/pages"}],"about":[{"href":"https:\/\/infotron.com.tr\/en\/wp-json\/wp\/v2\/types\/page"}],"author":[{"embeddable":true,"href":"https:\/\/infotron.com.tr\/en\/wp-json\/wp\/v2\/users\/1"}],"replies":[{"embeddable":true,"href":"https:\/\/infotron.com.tr\/en\/wp-json\/wp\/v2\/comments?post=3753"}],"version-history":[{"count":10,"href":"https:\/\/infotron.com.tr\/en\/wp-json\/wp\/v2\/pages\/3753\/revisions"}],"predecessor-version":[{"id":5223,"href":"https:\/\/infotron.com.tr\/en\/wp-json\/wp\/v2\/pages\/3753\/revisions\/5223"}],"wp:attachment":[{"href":"https:\/\/infotron.com.tr\/en\/wp-json\/wp\/v2\/media?parent=3753"}],"curies":[{"name":"wp","href":"https:\/\/api.w.org\/{rel}","templated":true}]}}