{"id":3714,"date":"2018-11-15T08:40:23","date_gmt":"2018-11-15T08:40:23","guid":{"rendered":"https:\/\/infotron.com.tr\/en\/?page_id=3714"},"modified":"2019-04-21T21:39:33","modified_gmt":"2019-04-21T21:39:33","slug":"satis-muhendisi","status":"publish","type":"page","link":"https:\/\/infotron.com.tr\/en\/satis-muhendisi\/","title":{"rendered":"Sat\u0131\u015f M\u00fchendisi"},"content":{"rendered":"<p><strong>SATI\u015e M\u00dcHEND\u0130S\u0130<\/strong><\/p>\n<p><strong>Genel Nitelikler<\/strong><\/p>\n<p>\u2022 \u00dcniversite mezunu,<br \/>\n\u2022 \u00d6z motivasyonu ve enerjisi y\u00fcksek,<br \/>\n\u2022 \u0130nsan ili\u015fkilerinde ba\u015far\u0131l\u0131, tak\u0131m \u00e7al\u0131\u015fmas\u0131na yatk\u0131n<br \/>\n\u2022 \u0130\u015f geli\u015ftirme ve raporlama konusunda istekli<br \/>\n\u2022 Teknolojiyi takip eden, merakl\u0131 ve ara\u015ft\u0131rmac\u0131<br \/>\n\u2022 Word, Excel ve PowerPoint kullan\u0131m\u0131na hakim<br \/>\n\u2022 Motivasyonu sat\u0131\u015f ba\u015far\u0131s\u0131 olan,<br \/>\n\u2022 Tercihen iyi derecede \u0130ngilizce bilen<br \/>\n\u2022 Erkek adaylar i\u00e7in askerli\u011fini tamamlam\u0131\u015f ya da en az 2 y\u0131l tecilli<br \/>\n\u2022 S\u00fcr\u00fcc\u00fc ehliyetine sahip, aktif ara\u00e7 kullanabilen<\/p>\n<p><strong>\u0130\u015f Tan\u0131m\u0131<\/strong><\/p>\n<p style=\"text-align: justify;\">3D Teknoloji \u00fcr\u00fcn ve servislerimizin sat\u0131\u015f\u0131n\u0131 ger\u00e7ekle\u015ftirmek \u00fczere tak\u0131m arkada\u015flar\u0131 aranmaktad\u0131r. Sat\u0131\u015f m\u00fchendisleri; \u015firket hedefleri do\u011frultusunda potansiyel m\u00fc\u015fterileri tespit ederek, ziyaret randevular\u0131n\u0131 almak, m\u00fc\u015fteri ziyaretlerini ger\u00e7ekle\u015ftirmek, \u00fcr\u00fcn ve hizmetlerimizin sunumunu yapmak, m\u00fc\u015fteri ihtiya\u00e7lar\u0131n\u0131 \u00f6\u011frenerek, ihtiya\u00e7lara uygun m\u00fc\u015fteriye \u00f6zel \u00e7\u00f6z\u00fcmleri sunmaktan sorumlu olacaklar ve bu kapsamda, ziyaret ve aktiviteleri raporlamak, verilen sat\u0131\u015f ve performans hedeflerini yerine getirmekle y\u00fck\u00fcml\u00fc olacaklard\u0131r.<\/p>\n<p><strong><br \/>\nSat\u0131\u015f M\u00fchendisi Ba\u015fvuru Formu<\/strong><\/p>\n<div class=\"frm_forms  with_frm_style frm_style_formidable-style\" id=\"frm_form_58_container\" >\n<form enctype=\"multipart\/form-data\" method=\"post\" class=\"frm-show-form  frm_pro_form \" id=\"form_rfnz52\"  >\n<div class=\"frm_form_fields \">\n<fieldset>\n<legend class=\"frm_screen_reader\">IK Ba\u015fvuru Formu - Sat\u0131\u015f M\u00fchendisi<\/legend>\r\n\r\n<div class=\"frm_fields_container\">\n<input type=\"hidden\" name=\"frm_action\" value=\"create\" \/>\n<input type=\"hidden\" name=\"form_id\" value=\"58\" \/>\n<input type=\"hidden\" name=\"frm_hide_fields_58\" id=\"frm_hide_fields_58\" value=\"\" \/>\n<input type=\"hidden\" name=\"form_key\" value=\"rfnz52\" \/>\n<input type=\"hidden\" name=\"item_meta[0]\" value=\"\" \/>\n<input type=\"hidden\" id=\"frm_submit_entry_58\" name=\"frm_submit_entry_58\" value=\"f4bdd427fe\" \/><input type=\"hidden\" name=\"_wp_http_referer\" value=\"\/en\/wp-json\/wp\/v2\/pages\/3714\" \/><label for=\"frm_verify_58\" class=\"frm_screen_reader frm_hidden\">If you are human, leave this field blank.<\/label>\n<input type=\"text\" class=\"frm_hidden frm_verify\" id=\"frm_verify_58\" name=\"frm_verify\" value=\"\"  \/>\n<div id=\"frm_field_438_container\" class=\"frm_form_field form-field  frm_required_field frm_top_container\">\r\n    <label for=\"field_2ym4g52\" class=\"frm_primary_label\">Ad Soyad\r\n        <span class=\"frm_required\">*<\/span>\r\n    <\/label>\r\n    <input type=\"text\" id=\"field_2ym4g52\" name=\"item_meta[438]\" value=\"\"  data-reqmsg=\"Bu alan bo\u015f b\u0131rak\u0131lamaz.\" data-invmsg=\"Text is invalid\"  \/>\r\n    \r\n    \r\n<\/div><\/br><\/br>\n<div id=\"frm_field_439_container\" class=\"frm_form_field form-field  frm_required_field frm_top_container\">\r\n    <label for=\"field_74mzv52\" class=\"frm_primary_label\">Do\u011fum Yeri \/ Tarihi\r\n        <span class=\"frm_required\">*<\/span>\r\n    <\/label>\r\n    <input type=\"text\" id=\"field_74mzv52\" name=\"item_meta[439]\" value=\"\"  data-reqmsg=\"Bu alan bo\u015f b\u0131rak\u0131lamaz.\" data-invmsg=\"Text is invalid\"  \/>\r\n    \r\n    \r\n<\/div><\/br><\/br>\n<div id=\"frm_field_440_container\" class=\"frm_form_field form-field  frm_required_field frm_top_container\">\r\n    <label for=\"field_4z0b052\" class=\"frm_primary_label\">Adres\r\n        <span class=\"frm_required\">*<\/span>\r\n    <\/label>\r\n    <input type=\"text\" id=\"field_4z0b052\" name=\"item_meta[440]\" value=\"\"  data-reqmsg=\"Bu alan bo\u015f b\u0131rak\u0131lamaz.\" data-invmsg=\"Text is invalid\"  \/>\r\n    \r\n    \r\n<\/div><\/br><\/br>\n<div id=\"frm_field_441_container\" class=\"frm_form_field form-field  frm_required_field frm_top_container\">\r\n    <label for=\"field_8v7m652\" class=\"frm_primary_label\">Cep Telefonu\r\n        <span class=\"frm_required\">*<\/span>\r\n    <\/label>\r\n    <input type=\"tel\" id=\"field_8v7m652\" name=\"item_meta[441]\" value=\"\"  data-reqmsg=\"Bu alan bo\u015f b\u0131rak\u0131lamaz.\" data-invmsg=\"Phone is invalid\" pattern=\"((\\+\\d{1,3}(-|.| )?\\(?\\d\\)?(-| |.)?\\d{1,5})|(\\(?\\d{2,6}\\)?))(-|.| )?(\\d{3,4})(-|.| )?(\\d{4})(( x| ext)\\d{1,5}){0,1}$\"  \/>\r\n    \r\n    \r\n<\/div><\/br><\/br>\n<div id=\"frm_field_442_container\" class=\"frm_form_field form-field  frm_required_field frm_top_container\">\r\n    <label for=\"field_9ivix3\" class=\"frm_primary_label\">Ev Telefonu\r\n        <span class=\"frm_required\">*<\/span>\r\n    <\/label>\r\n    <input type=\"tel\" id=\"field_9ivix3\" name=\"item_meta[442]\" value=\"\"  data-reqmsg=\"Bu alan bo\u015f b\u0131rak\u0131lamaz.\" data-invmsg=\"Phone is invalid\" pattern=\"((\\+\\d{1,3}(-|.| )?\\(?\\d\\)?(-| |.)?\\d{1,5})|(\\(?\\d{2,6}\\)?))(-|.| )?(\\d{3,4})(-|.| )?(\\d{4})(( x| ext)\\d{1,5}){0,1}$\"  \/>\r\n    \r\n    \r\n<\/div><\/br><\/br>\n<div id=\"frm_field_443_container\" class=\"frm_form_field form-field  frm_required_field frm_top_container\">\r\n    <label for=\"field_huarv52\" class=\"frm_primary_label\">E-Posta\r\n        <span class=\"frm_required\">*<\/span>\r\n    <\/label>\r\n    <input type=\"email\" id=\"field_huarv52\" name=\"item_meta[443]\" value=\"\"  data-reqmsg=\"Bu alan bo\u015f b\u0131rak\u0131lamaz.\" data-invmsg=\"Email is invalid\"  \/>\r\n    \r\n    \r\n<\/div><\/br><\/br>\n<div id=\"frm_field_444_container\" class=\"frm_form_field form-field  frm_required_field frm_top_container\">\r\n    <label for=\"field_80qz352\" class=\"frm_primary_label\">Askerlik Durumu\r\n        <span class=\"frm_required\">*<\/span>\r\n    <\/label>\r\n    <input type=\"text\" id=\"field_80qz352\" name=\"item_meta[444]\" value=\"\"  data-reqmsg=\"Bu alan bo\u015f b\u0131rak\u0131lamaz.\" data-invmsg=\"Text is invalid\"  \/>\r\n    \r\n    \r\n<\/div><\/br><\/br>\n<div id=\"frm_field_445_container\" class=\"frm_form_field form-field  frm_required_field frm_top_container\">\r\n    <label for=\"field_tun3k52\" class=\"frm_primary_label\">Yabanc\u0131 Dil\r\n        <span class=\"frm_required\">*<\/span>\r\n    <\/label>\r\n    <input type=\"text\" id=\"field_tun3k52\" name=\"item_meta[445]\" value=\"\"  data-reqmsg=\"Bu alan bo\u015f b\u0131rak\u0131lamaz.\" data-invmsg=\"Text is invalid\"  \/>\r\n    \r\n    \r\n<\/div><\/br><\/br>\n<div id=\"frm_field_446_container\" class=\"frm_form_field form-field  frm_required_field frm_top_container\">\r\n    <label for=\"field_m0fc952\" class=\"frm_primary_label\">E\u011fitim Durumu\r\n        <span class=\"frm_required\">*<\/span>\r\n    <\/label>\r\n    <input type=\"text\" id=\"field_m0fc952\" name=\"item_meta[446]\" value=\"\"  data-reqmsg=\"Bu alan bo\u015f b\u0131rak\u0131lamaz.\" data-invmsg=\"Text is invalid\"  \/>\r\n    \r\n    \r\n<\/div><\/br><\/br>\n<div id=\"frm_field_447_container\" class=\"frm_form_field form-field  frm_required_field frm_top_container\">\r\n    <label for=\"field_yj9dx3\" class=\"frm_primary_label\">\u0130\u015f Tecr\u00fcbesi\r\n        <span class=\"frm_required\">*<\/span>\r\n    <\/label>\r\n    <input type=\"text\" id=\"field_yj9dx3\" name=\"item_meta[447]\" value=\"\"  data-reqmsg=\"Bu alan bo\u015f b\u0131rak\u0131lamaz.\" data-invmsg=\"Text is invalid\"  \/>\r\n    \r\n    \r\n<\/div><\/br><\/br>\n<div id=\"frm_field_448_container\" class=\"frm_form_field form-field  frm_required_field frm_top_container\">\r\n    <label for=\"field_kcip952\" class=\"frm_primary_label\">S\u00fcr\u00fcc\u00fc Belgesi\r\n        <span class=\"frm_required\">*<\/span>\r\n    <\/label>\r\n    <input type=\"text\" id=\"field_kcip952\" name=\"item_meta[448]\" value=\"\"  data-reqmsg=\"Bu alan bo\u015f b\u0131rak\u0131lamaz.\" data-invmsg=\"Text is invalid\"  \/>\r\n    \r\n    \r\n<\/div><\/br><\/br>\n<div id=\"frm_field_449_container\" class=\"frm_form_field form-field  frm_required_field frm_top_container\">\r\n    <label for=\"field_e5x1r3\" class=\"frm_primary_label\">Seyahat Engeli\r\n        <span class=\"frm_required\">*<\/span>\r\n    <\/label>\r\n    <input type=\"text\" id=\"field_e5x1r3\" name=\"item_meta[449]\" value=\"\"  data-reqmsg=\"Bu alan bo\u015f b\u0131rak\u0131lamaz.\" data-invmsg=\"Text is invalid\"  \/>\r\n    \r\n    \r\n<\/div><\/br><\/br>\n<div id=\"frm_field_450_container\" class=\"frm_form_field form-field  frm_required_field frm_top_container\">\r\n    <label for=\"field_sjuwr3\" class=\"frm_primary_label\">\u00c7al\u0131\u015fmak \u0130stedi\u011fi Alanlar\r\n        <span class=\"frm_required\">*<\/span>\r\n    <\/label>\r\n    <input type=\"text\" id=\"field_sjuwr3\" name=\"item_meta[450]\" value=\"\"  data-reqmsg=\"Bu alan bo\u015f b\u0131rak\u0131lamaz.\" data-invmsg=\"Text is invalid\"  \/>\r\n    \r\n    \r\n<\/div><\/br><\/br>\n<div id=\"frm_field_451_container\" class=\"frm_form_field form-field  frm_required_field frm_top_container\">\r\n    <label for=\"field_glryq3\" class=\"frm_primary_label\">Talep Edilen Maa\u015f\r\n        <span class=\"frm_required\">*<\/span>\r\n    <\/label>\r\n    <input type=\"text\" id=\"field_glryq3\" name=\"item_meta[451]\" value=\"\"  data-reqmsg=\"Bu alan bo\u015f b\u0131rak\u0131lamaz.\" data-invmsg=\"Text is invalid\"  \/>\r\n    \r\n    \r\n<\/div><\/br><\/br>\n<div id=\"frm_field_452_container\" class=\"frm_form_field form-field  frm_required_field frm_top_container\">\r\n    <label for=\"field_1rl6n3\" class=\"frm_primary_label\">ilan\u0131m\u0131za nereden ula\u015ft\u0131n\u0131z?\r\n        <span class=\"frm_required\">*<\/span>\r\n    <\/label>\r\n    <input type=\"text\" id=\"field_1rl6n3\" name=\"item_meta[452]\" value=\"\"  data-reqmsg=\"Bu alan bo\u015f b\u0131rak\u0131lamaz.\" data-invmsg=\"Text is invalid\"  \/>\r\n    \r\n    \r\n<\/div><\/br><\/br>\n<div id=\"frm_field_453_container\" class=\"frm_form_field form-field  frm_none_container\">\r\n    <label for=\"field_s2esv3\" class=\"frm_primary_label\">CV ekleyin\r\n        <span class=\"frm_required\"><\/span>\r\n    <\/label>\r\n    <input type=\"hidden\" name=\"item_meta[453]\" value=\"\" data-frmfile=\"453\" \/>\n\n<div class=\"frm_dropzone frm_single_upload\" id=\"file453_dropzone\">\n\t<div class=\"fallback\">\n\t\t<input type=\"file\" name=\"file453\" id=\"field_s2esv3\"  data-invmsg=\"Ge\u00e7ersiz dosya format\u0131! L\u00fctfen .pdf dozya y\u00fckleyiniz.\" class=\"auto_width\"   \/>\n\t\t\t\t<div class=\"frm_clearfix \"><\/div>\n\t\t\n<div id=\"frm_loading\" style=\"display:none;background:url(https:\/\/infotron.com.tr\/en\/wp-content\/plugins\/formidable-pro\/images\/grey_bg.png);\">\n<div id=\"frm_loading_content\">\n<h3>Uploading Files. Please Wait.<\/h3><div class=\"progress progress-striped active\">\n    <div class=\"progress-bar\" role=\"progressbar\" aria-valuenow=\"100\" aria-valuemin=\"0\" aria-valuemax=\"100\"><\/div>\n<\/div>\n<\/div>\n<\/div>\n\t<\/div>\n\t<div class=\"dz-message needsclick\">\n\t\t<span class=\"frm_icon_font frm_upload_icon\"><\/span>\n\t\t<span class=\"frm_upload_text\">Drop a file here or click to upload<\/span>\n\t\t<span class=\"frm_compact_text\">Choose File<\/span>\n\t\t<div class=\"frm_small_text\">\n\t\t\tMaximum upload size: 15MB\t\t<\/div>\n\t<\/div>\n<\/div>\n\r\n    \r\n    \r\n<\/div><\/br><\/br>\n<div id=\"frm_field_454_container\" class=\"frm_form_field form-field  frm_top_container\">\r\n    <label  class=\"frm_primary_label\">Do\u011frulama\r\n        <span class=\"frm_required\"><\/span>\r\n    <\/label>\r\n    <div id=\"field_gehn73\" class=\"frm-g-recaptcha\" data-sitekey=\"6LdqTnMUAAAAAJGOHQ2HekDOBSxNZliygYviRX8k\" data-size=\"normal\" data-theme=\"light\"><\/div>\r\n    \r\n    \r\n<\/div><\/br><\/br>\n<input type=\"hidden\" name=\"item_key\" value=\"\" \/>\n<div class=\"frm_submit\">\r\n\r\n<button class=\"frm_button_submit frm_final_submit\" type=\"submit\"   formnovalidate=\"formnovalidate\">G\u00f6nder<\/button>\r\n\r\n<\/div><\/div>\n<\/fieldset>\n<\/div>\n<p style=\"display: none !important;\" class=\"akismet-fields-container\" data-prefix=\"ak_\"><label>&#916;<textarea name=\"ak_hp_textarea\" cols=\"45\" rows=\"8\" maxlength=\"100\"><\/textarea><\/label><input type=\"hidden\" id=\"ak_js_1\" name=\"ak_js\" value=\"93\"\/><script>document.getElementById( \"ak_js_1\" ).setAttribute( \"value\", ( new Date() ).getTime() );<\/script><\/p><\/form>\n<\/div>\n\n","protected":false},"excerpt":{"rendered":"<p>SATI\u015e M\u00dcHEND\u0130S\u0130 Genel Nitelikler \u2022 \u00dcniversite mezunu, \u2022 \u00d6z motivasyonu ve enerjisi y\u00fcksek, \u2022 \u0130nsan ili\u015fkilerinde ba\u015far\u0131l\u0131, tak\u0131m \u00e7al\u0131\u015fmas\u0131na yatk\u0131n \u2022 \u0130\u015f geli\u015ftirme ve raporlama konusunda istekli \u2022 Teknolojiyi takip eden, merakl\u0131 ve ara\u015ft\u0131rmac\u0131 \u2022 Word, Excel ve PowerPoint kullan\u0131m\u0131na hakim \u2022 Motivasyonu sat\u0131\u015f ba\u015far\u0131s\u0131 olan, \u2022 Tercihen iyi derecede \u0130ngilizce bilen \u2022 Erkek adaylar [&hellip;]<\/p>\n","protected":false},"author":1,"featured_media":0,"parent":0,"menu_order":0,"comment_status":"closed","ping_status":"closed","template":"","meta":{"footnotes":""},"_links":{"self":[{"href":"https:\/\/infotron.com.tr\/en\/wp-json\/wp\/v2\/pages\/3714"}],"collection":[{"href":"https:\/\/infotron.com.tr\/en\/wp-json\/wp\/v2\/pages"}],"about":[{"href":"https:\/\/infotron.com.tr\/en\/wp-json\/wp\/v2\/types\/page"}],"author":[{"embeddable":true,"href":"https:\/\/infotron.com.tr\/en\/wp-json\/wp\/v2\/users\/1"}],"replies":[{"embeddable":true,"href":"https:\/\/infotron.com.tr\/en\/wp-json\/wp\/v2\/comments?post=3714"}],"version-history":[{"count":3,"href":"https:\/\/infotron.com.tr\/en\/wp-json\/wp\/v2\/pages\/3714\/revisions"}],"predecessor-version":[{"id":5179,"href":"https:\/\/infotron.com.tr\/en\/wp-json\/wp\/v2\/pages\/3714\/revisions\/5179"}],"wp:attachment":[{"href":"https:\/\/infotron.com.tr\/en\/wp-json\/wp\/v2\/media?parent=3714"}],"curies":[{"name":"wp","href":"https:\/\/api.w.org\/{rel}","templated":true}]}}