{"id":3408,"date":"2018-09-12T12:38:49","date_gmt":"2018-09-12T12:38:49","guid":{"rendered":"https:\/\/infotron.com.tr\/en\/?page_id=3408"},"modified":"2018-10-08T13:59:34","modified_gmt":"2018-10-08T13:59:34","slug":"endustriyel-tasarim","status":"publish","type":"page","link":"https:\/\/infotron.com.tr\/en\/endustriyel-tasarim\/","title":{"rendered":"End\u00fcstriyel Tasar\u0131m"},"content":{"rendered":"<div class=\"flex_column av_one_full  flex_column_div av-zero-column-padding first  \" style='border-radius:0px; '><section class=\"av_textblock_section \"  itemscope=\"itemscope\" itemtype=\"https:\/\/schema.org\/CreativeWork\" ><div class='avia_textblock  '   itemprop=\"text\" ><h4><img loading=\"lazy\" decoding=\"async\" class=\"alignleft\" src=\"https:\/\/infotron.com.tr\/en\/wp-content\/uploads\/2018\/08\/endustriyel-tasarim-03-300x126.gif\" alt=\"\" width=\"555\" height=\"233\" \/>Bug\u00fcn hayat\u0131m\u0131za giren t\u00fcm \u00fcr\u00fcnlerin en \u00f6nemli ortak yan\u0131 tercih edilmi\u015f olmalar\u0131d\u0131r.<\/h4>\n<p>Tercihler ilk insandan bu yana her zaman g\u00fczel ve \u00e7ekici olandan yana kullan\u0131lm\u0131\u015ft\u0131r. Bu ger\u00e7ek, g\u00fcn\u00fcm\u00fczde de \u00fcreticilerin her zaman en \u00e7arp\u0131c\u0131 \u00fcr\u00fcn\u00fc geli\u015ftirmek i\u00e7in u\u011fra\u015ft\u0131\u011f\u0131 bir pazar\u0131 olu\u015fturmu\u015f ve rekabet farkl\u0131la\u015fma ile zenginle\u015fmi\u015ftir.<\/p>\n<p>Tek ba\u015f\u0131na en y\u00fcksek teknolojiyi kullanmak, en kullan\u0131\u015fl\u0131 \u00fcr\u00fcn\u00fc tasarlamak ya da en ucuza satmak, farkl\u0131l\u0131k yaratmak i\u00e7in yeterli olmaktan \u00e7\u0131km\u0131\u015ft\u0131r. G\u00fcn\u00fcm\u00fcz rekabet ortam\u0131nda, insanlar\u0131 etkileyecek tasar\u0131mlar\u0131, en kullan\u0131\u015fl\u0131, en y\u00fcksek teknolojiye sahip ve uygun fiyatlarla son kullan\u0131c\u0131ya sunabilen firmalar ba\u015far\u0131ya ula\u015fmaktad\u0131r.<\/p>\n<p>Bir \u00fcr\u00fcn\u00fcn tasar\u0131m\u0131 \u00f6ncelikle fikirlerden ba\u015flar. Biz de fikirlerinizi m\u00fc\u015fteri istekleri ile bulu\u015fturmak \u00fczere, ortak yapt\u0131\u011f\u0131m\u0131z toplant\u0131lar\u0131n ard\u0131ndan belirlenen kriterlere uygun olarak, kara kalem \u00e7al\u0131\u015fmalar halinde olu\u015fturur ve hayal g\u00fcc\u00fcn\u00fcz\u00fc bilgisayar ortam\u0131na ta\u015f\u0131yarak s\u00fcrece ba\u015flar\u0131z.<\/p>\n<p>Konsept \u00e7al\u0131\u015fmas\u0131 diye tan\u0131mlad\u0131\u011f\u0131m\u0131z bu faz\u0131 se\u00e7imler, de\u011fi\u015fiklikler ve eklentiler ile s\u00fcsleyerek \u00fcr\u00fcn\u00fcn ana hatlar\u0131n\u0131 ortaya \u00e7\u0131kart\u0131r\u0131z. Ard\u0131ndan Alias yaz\u0131l\u0131m\u0131n\u0131n benzersiz y\u00fczey modelleme yeteneklerini kullanarak, dijital ortamda matematiksel olarak tan\u0131mlad\u0131\u011f\u0131m\u0131z y\u00fczeyler, \u00fcr\u00fcn konseptine sad\u0131k kalarak olu\u015fturulur.<\/p>\n<p>\u00d6zellikle \u00fcretemiyorsan\u0131z, her\u015fey g\u00f6r\u00fcnd\u00fc\u011f\u00fc kadar g\u00fczel olmayabilir,. Bu nedenle yine Alias yaz\u0131l\u0131m\u0131n\u0131 kullanarak, \u00fcr\u00fcn\u00fcn \u00fcretilebilirli\u011fini kontrol edip, gerekli d\u00fczeltmeler y\u00fczeyler \u00fczerine uygulan\u0131r. Bu s\u00fcre\u00e7, \u00fcr\u00fcn imalat maliyetlerinin d\u00fc\u015f\u00fcr\u00fclmesi ve en son teknolojilerin \u00fcr\u00fcn \u00fczerine uygulanmas\u0131 ile son<\/p>\n<p><img loading=\"lazy\" decoding=\"async\" class=\"alignright\" src=\"https:\/\/infotron.com.tr\/en\/wp-content\/uploads\/2018\/08\/endustriyel-tasarim-04-300x225.gif\" alt=\"\" width=\"300\" height=\"225\" \/><\/p>\n<p>bulur.<\/p>\n<p>\u00dcr\u00fcn\u00fcn ger\u00e7ek hayatta neye benzeyece\u011fini anlayabilmek i\u00e7in Alias yaz\u0131l\u0131m\u0131n\u0131n ger\u00e7ek zamanl\u0131 doku uygulamalar\u0131 kullan\u0131larak, hangi malzemelerin ve renklerin \u00fcr\u00fcn i\u00e7in uygun oldu\u011fu ara\u015ft\u0131r\u0131l\u0131r.<\/p>\n<p>Sanal prototipleme y\u00f6ntemiyle h\u0131zl\u0131 ve ger\u00e7ek\u00e7i bir \u015fekilde ger\u00e7ekle\u015ftirilen bu faz\u0131n ard\u0131ndan, ortaya \u00e7\u0131kan \u00fcr\u00fcn RAMSIS Ergonomi Sim\u00fclasyon yaz\u0131l\u0131m\u0131n\u0131n yard\u0131m\u0131yla kullan\u0131c\u0131 dostu hale getirilir.<\/p>\n<p>Art\u0131k t\u00fcm bile\u015fenleri ile haz\u0131r oldu\u011fu varsay\u0131lan \u00fcr\u00fcn\u00fcn hayata ge\u00e7irilmesi zaman\u0131 gelmi\u015ftir. Stratasys prototip cihazlar\u0131 ve Huntsmann ileri seviye modelleme malzemeleri ile, \u00fcr\u00fcn\u00fcn modeli birka\u00e7 g\u00fcn i\u00e7inde \u00fcretilir ve son olarak fiziksel olarak g\u00f6zden ge\u00e7irilen \u00fcr\u00fcn \u00fczerinde, herhangi bir de\u011fi\u015fikli\u011fe ihtiya\u00e7 duyulup duyulmad\u0131\u011f\u0131 kontrol edilip, \u00fcr\u00fcn\u00fcn final modeli Alias\u2019da olu\u015fturulur.<\/p>\n<p>Bu \u00e7al\u0131\u015fmalar, e\u011fer daha \u00f6nce bulunan bir \u00fcr\u00fcn \u00fczerinde yenilik yap\u0131lacak ise, Breuckmann tarama cihazlar\u0131 ve Rapidform tersine<\/p>\n<p><img loading=\"lazy\" decoding=\"async\" src=\"https:\/\/infotron.com.tr\/en\/wp-content\/uploads\/2018\/08\/endustriyel-tasarim-06-300x221.gif\" alt=\"\" width=\"300\" height=\"221\" \/><\/p>\n<p>m\u00fchendislik yaz\u0131l\u0131mlar\u0131 ile desteklenir. Ayr\u0131ca prototip \u00fczerinde kontrol a\u015famas\u0131nda da, Metris tarama teknolojileri kullan\u0131larak g\u00f6z ile muayeninin \u00f6tesinde par\u00e7a kalite kontrol\u00fc yap\u0131l\u0131r.<\/p>\n<p>T\u00fcm detaylar\u0131 ile m\u00fc\u015fteri \u00f6n\u00fcne \u00e7\u0131kmaya haz\u0131r olan \u00fcr\u00fcn i\u00e7in art\u0131k m\u00fchendislik s\u00fcreci ba\u015flayacakt\u0131r. Veriler m\u00fchendisli\u011fin ve \u00fcretimin yap\u0131labilmesi i\u00e7in gerekli formatlara ve \u015fekle sokularak di\u011fer departmanlara aktar\u0131l\u0131r.<\/p>\n<p>infoTRON 10 y\u0131l\u0131 a\u015fk\u0131n s\u00fcredir, tasar\u0131m ve m\u00fchendislik tecr\u00fcbesini, t\u00fcm d\u00fcnyada kabul g\u00f6rm\u00fc\u015f ara\u00e7larla destekleyerek, sizler i\u00e7in sizinle farkl\u0131 \u00fcr\u00fcnler tasarlamak \u00fczere hizmetinize haz\u0131rd\u0131r.<\/p>\n<\/div><\/section><\/div>\n","protected":false},"excerpt":{"rendered":"","protected":false},"author":1,"featured_media":0,"parent":0,"menu_order":0,"comment_status":"closed","ping_status":"closed","template":"","meta":{"footnotes":""},"_links":{"self":[{"href":"https:\/\/infotron.com.tr\/en\/wp-json\/wp\/v2\/pages\/3408"}],"collection":[{"href":"https:\/\/infotron.com.tr\/en\/wp-json\/wp\/v2\/pages"}],"about":[{"href":"https:\/\/infotron.com.tr\/en\/wp-json\/wp\/v2\/types\/page"}],"author":[{"embeddable":true,"href":"https:\/\/infotron.com.tr\/en\/wp-json\/wp\/v2\/users\/1"}],"replies":[{"embeddable":true,"href":"https:\/\/infotron.com.tr\/en\/wp-json\/wp\/v2\/comments?post=3408"}],"version-history":[{"count":3,"href":"https:\/\/infotron.com.tr\/en\/wp-json\/wp\/v2\/pages\/3408\/revisions"}],"predecessor-version":[{"id":3520,"href":"https:\/\/infotron.com.tr\/en\/wp-json\/wp\/v2\/pages\/3408\/revisions\/3520"}],"wp:attachment":[{"href":"https:\/\/infotron.com.tr\/en\/wp-json\/wp\/v2\/media?parent=3408"}],"curies":[{"name":"wp","href":"https:\/\/api.w.org\/{rel}","templated":true}]}}