{"id":3014,"date":"2018-08-14T14:43:50","date_gmt":"2018-08-14T14:43:50","guid":{"rendered":"https:\/\/infotron.com.tr\/en\/?page_id=3014"},"modified":"2019-04-21T21:52:09","modified_gmt":"2019-04-21T21:52:09","slug":"disti","status":"publish","type":"page","link":"https:\/\/infotron.com.tr\/en\/disti\/","title":{"rendered":"DistI"},"content":{"rendered":"<div class='avia-image-container  av-styling-    avia-align-center '  itemprop=\"ImageObject\" itemscope=\"itemscope\" itemtype=\"https:\/\/schema.org\/ImageObject\"  ><div class='avia-image-container-inner'><div class='avia-image-overlay-wrap'><img class='avia_image ' src='https:\/\/infotron.com.tr\/en\/wp-content\/uploads\/2018\/08\/DiSTI_Logo_2014_BL_LG.png' alt='' title='DiSTI_Logo_2014_BL_LG' height=\"131\"width=\"579\"  itemprop=\"thumbnailUrl\"  \/><\/div><\/div><\/div>\n<div class=\"flex_column av_one_full  flex_column_div av-zero-column-padding first  \" style='border-radius:0px; '><section class=\"av_textblock_section \"  itemscope=\"itemscope\" itemtype=\"https:\/\/schema.org\/CreativeWork\" ><div class='avia_textblock  '   itemprop=\"text\" ><div class=\"result-header\">\n<div class=\"starbutton jfk-button-flat jfk-button unstarred\" tabindex=\"0\" role=\"button\" aria-label=\"\u00c7eviriye y\u0131ld\u0131z ekle\" data-tooltip=\"\u00c7eviriye y\u0131ld\u0131z ekle\" data-tooltip-align=\"t,c\">\n<div class=\"jfk-button-img\">DiSTI, a software developer since 1994, is a leading provider of graphical user interface software and customized 3D virtual maintenance training solutions. The flagship product GL Studio\u00ae offers the advanced high-performance 3-D human machine interface to the aerospace, automotive, medical and training industries and meets the developer&#8217;s interface requirements for avionics, automotive dashboards, automotive infotainment systems, medical devices and flight simulators.<\/div>\n<\/div>\n<\/div>\n<div class=\"text-wrap tlid-copy-target\">\n<div class=\"result-shield-container tlid-copy-target\" tabindex=\"0\"><span class=\"tlid-translation translation\" lang=\"en\"><br \/>\nJaguar, Land Rover, Boeing and Lockheed Martin chose GL Studio for performance, loyalty and reliability in interface development and deployment.<\/span>DiSTI&#8217;s user interface technology is also used in 3D virtual maintenance training. DiSTI&#8217;s Studio\u00ae product is a process and toolkit for managing the development of complex virtual environments for use in 3D maintenance and task training applications. AND Studio manages the entire development process, such as requirement analysis, content development, automated software structures, and automatic regression testing.<\/div>\n<\/div>\n<\/div><\/section><\/div><div class='avia-image-container  av-styling-    avia-align-center '  itemprop=\"ImageObject\" itemscope=\"itemscope\" itemtype=\"https:\/\/schema.org\/ImageObject\"  ><div class='avia-image-container-inner'><div class='avia-image-overlay-wrap'><img class='avia_image ' src='https:\/\/infotron.com.tr\/en\/wp-content\/uploads\/2018\/08\/slider-hphero-jlrinfotainment-1030x295.jpg' alt='' title='slider-hphero-jlrinfotainment' height=\"295\"width=\"1030\"  itemprop=\"thumbnailUrl\"  \/><\/div><\/div><\/div><\/p>\n","protected":false},"excerpt":{"rendered":"","protected":false},"author":1,"featured_media":0,"parent":0,"menu_order":0,"comment_status":"closed","ping_status":"closed","template":"","meta":{"footnotes":""},"_links":{"self":[{"href":"https:\/\/infotron.com.tr\/en\/wp-json\/wp\/v2\/pages\/3014"}],"collection":[{"href":"https:\/\/infotron.com.tr\/en\/wp-json\/wp\/v2\/pages"}],"about":[{"href":"https:\/\/infotron.com.tr\/en\/wp-json\/wp\/v2\/types\/page"}],"author":[{"embeddable":true,"href":"https:\/\/infotron.com.tr\/en\/wp-json\/wp\/v2\/users\/1"}],"replies":[{"embeddable":true,"href":"https:\/\/infotron.com.tr\/en\/wp-json\/wp\/v2\/comments?post=3014"}],"version-history":[{"count":6,"href":"https:\/\/infotron.com.tr\/en\/wp-json\/wp\/v2\/pages\/3014\/revisions"}],"predecessor-version":[{"id":5191,"href":"https:\/\/infotron.com.tr\/en\/wp-json\/wp\/v2\/pages\/3014\/revisions\/5191"}],"wp:attachment":[{"href":"https:\/\/infotron.com.tr\/en\/wp-json\/wp\/v2\/media?parent=3014"}],"curies":[{"name":"wp","href":"https:\/\/api.w.org\/{rel}","templated":true}]}}