{"id":2913,"date":"2018-08-14T13:07:35","date_gmt":"2018-08-14T13:07:35","guid":{"rendered":"https:\/\/infotron.com.tr\/en\/?page_id=2913"},"modified":"2019-04-21T21:30:55","modified_gmt":"2019-04-21T21:30:55","slug":"artec3d","status":"publish","type":"page","link":"https:\/\/infotron.com.tr\/en\/artec3d\/","title":{"rendered":"Artec3D"},"content":{"rendered":"<div class='avia-image-container  av-styling-    avia-align-center '  itemprop=\"ImageObject\" itemscope=\"itemscope\" itemtype=\"https:\/\/schema.org\/ImageObject\"  ><div class='avia-image-container-inner'><div class='avia-image-overlay-wrap'><img class='avia_image ' src='https:\/\/infotron.com.tr\/en\/wp-content\/uploads\/2018\/08\/3dPrintingartec3d-logo.jpg' alt='' title='3dPrintingartec3d-logo' height=\"639\"width=\"2550\"  itemprop=\"thumbnailUrl\"  \/><\/div><\/div><\/div>\n<div style='height:50px' class='hr hr-invisible  '><span class='hr-inner ' ><span class='hr-inner-style'><\/span><\/span><\/div>\n<section class=\"av_textblock_section \"  itemscope=\"itemscope\" itemtype=\"https:\/\/schema.org\/CreativeWork\" ><div class='avia_textblock  '   itemprop=\"text\" ><p><strong>The portable 3D scanners offered by Artec, one of the world&#8217;s leading 3D scanning device manufacturers, enable you to perform medium and large scans in a short time and with high precision.<\/strong><\/p>\n<p>Artec professional 3D scanners are the ideal solution for all 3D scanning applications, enabling you to get results in high resolution and vivid colors easily and quickly. High-tech Artec scanning systems are used for different industry needs, enabling you to transfer 3D images of any object to a computer without calibration and marking:<\/p>\n<ul>\n<li>Industrial Design and Manufacturing<\/li>\n<li>Health<\/li>\n<li>Scientific and Academic<\/li>\n<li>Art &amp; Design<\/li>\n<\/ul>\n<\/div><\/section>\n<div class=\"flex_column av_one_third  flex_column_div av-zero-column-padding first  \" style='border-radius:0px; '><p><div class='avia-image-container  av-styling-    avia-align-center '  itemprop=\"ImageObject\" itemscope=\"itemscope\" itemtype=\"https:\/\/schema.org\/ImageObject\"  ><div class='avia-image-container-inner'><div class='avia-image-overlay-wrap'><a href='https:\/\/www.artec3d.com\/portable-3d-scanners\/artec-eva' class='avia_image'   target=\"_blank\" ><img class='avia_image ' src='https:\/\/infotron.com.tr\/en\/wp-content\/uploads\/2018\/08\/scanner-icon-eva_0.png' alt='' title='scanner-icon-eva_0'  itemprop=\"thumbnailUrl\"  \/><\/a><\/div><\/div><\/div><br \/>\n<section class=\"av_textblock_section \"  itemscope=\"itemscope\" itemtype=\"https:\/\/schema.org\/CreativeWork\" ><div class='avia_textblock  '   itemprop=\"text\" ><p style=\"text-align: center;\"><strong>Eva<\/strong><\/p>\n<\/div><\/section><\/p><\/div>\n<div class=\"flex_column av_one_third  flex_column_div av-zero-column-padding   \" style='border-radius:0px; '><p><div class='avia-image-container  av-styling-    avia-align-center '  itemprop=\"ImageObject\" itemscope=\"itemscope\" itemtype=\"https:\/\/schema.org\/ImageObject\"  ><div class='avia-image-container-inner'><div class='avia-image-overlay-wrap'><a href='https:\/\/www.artec3d.com\/portable-3d-scanners\/artec-spider' class='avia_image'   target=\"_blank\" ><img class='avia_image ' src='https:\/\/infotron.com.tr\/en\/wp-content\/uploads\/2018\/08\/scanner-icon-spider.png' alt='' title='scanner-icon-spider'  itemprop=\"thumbnailUrl\"  \/><\/a><\/div><\/div><\/div><br \/>\n<section class=\"av_textblock_section \"  itemscope=\"itemscope\" itemtype=\"https:\/\/schema.org\/CreativeWork\" ><div class='avia_textblock  '   itemprop=\"text\" ><p style=\"text-align: center;\"><strong>Space Spider<\/strong><\/p>\n<\/div><\/section><\/p><\/div>\n<div class=\"flex_column av_one_third  flex_column_div av-zero-column-padding   \" style='border-radius:0px; '><p><div class='avia-image-container  av-styling-    avia-align-center '  itemprop=\"ImageObject\" itemscope=\"itemscope\" itemtype=\"https:\/\/schema.org\/ImageObject\"  ><div class='avia-image-container-inner'><div class='avia-image-overlay-wrap'><a href='https:\/\/www.artec3d.com\/portable-3d-scanners\/artec-leo' class='avia_image'   target=\"_blank\" ><img class='avia_image ' src='https:\/\/infotron.com.tr\/en\/wp-content\/uploads\/2018\/08\/scanner-icon-leo.png' alt='' title='scanner-icon-leo'  itemprop=\"thumbnailUrl\"  \/><\/a><\/div><\/div><\/div><br \/>\n<section class=\"av_textblock_section \"  itemscope=\"itemscope\" itemtype=\"https:\/\/schema.org\/CreativeWork\" ><div class='avia_textblock  '   itemprop=\"text\" ><p style=\"text-align: center;\"><strong>Leo<\/strong><\/p>\n<\/div><\/section><\/p><\/div>\n<div style='height:50px' class='hr hr-invisible  '><span class='hr-inner ' ><span class='hr-inner-style'><\/span><\/span><\/div>\n<section class=\"av_textblock_section \"  itemscope=\"itemscope\" itemtype=\"https:\/\/schema.org\/CreativeWork\" ><div class='avia_textblock  '   itemprop=\"text\" ><p><strong>Discover Artec professional 3D scanners<\/strong><\/p>\n<p>You can send an e-mail to <a href=\"mailto:resatis@infotron.com.tr\">resatis@infotron.com.tr<\/a> or call us at <strong>0850 441 50 00<\/strong> to have a closer look at the advantages and features of Artec professional 3D scanners that will give you the best results for all your applications.<\/p>\n<\/div><\/section>\n<div class=\"togglecontainer  av-minimal-toggle toggle_close_all \" >\n<section class=\"av_toggle_section\"  itemscope=\"itemscope\" itemtype=\"https:\/\/schema.org\/CreativeWork\"  >    <div class=\"single_toggle\" data-tags=\"{All} \"  >        <p data-fake-id=\"#toggle-id-1\" class=\"toggler \"  itemprop=\"headline\"  >Artec Leo<span class=\"toggle_icon\" >        <span class=\"vert_icon\"><\/span><span class=\"hor_icon\"><\/span><\/span><\/p>        <div id=\"toggle-id-1-container\" class=\"toggle_wrap \"  >            <div class=\"toggle_content invers-color \"  itemprop=\"text\"   ><p><strong>Smart and professional Artec Leo for next-generation 3D browser experience<\/strong><\/p>\n<p>Artec Leo, the first 3D scanner to provide automatic data processing on the scanner, makes 3D scanning as easy as video shooting, providing the most intuitive workflow. When scanning your models, you can see the 3D replication process created in Leo&#8217;s touch panel display, rotate the 3D model, check if you&#8217;ve captured all the fields, and fill in areas you might have missed. Available in all areas, from large areas to fine details, Artec Leo can scan a wide range of objects from small mechanical parts to human bodies, cars, boats or event locations.<\/p>\n<p><img loading=\"lazy\" decoding=\"async\" class=\"alignnone wp-image-2936\" src=\"https:\/\/infotron.com.tr\/en\/wp-content\/uploads\/2018\/08\/artec-leo2-300x200.jpg\" alt=\"\" width=\"821\" height=\"547\" srcset=\"https:\/\/infotron.com.tr\/en\/wp-content\/uploads\/2018\/08\/artec-leo2-300x200.jpg 300w, https:\/\/infotron.com.tr\/en\/wp-content\/uploads\/2018\/08\/artec-leo2-768x513.jpg 768w, https:\/\/infotron.com.tr\/en\/wp-content\/uploads\/2018\/08\/artec-leo2-705x470.jpg 705w, https:\/\/infotron.com.tr\/en\/wp-content\/uploads\/2018\/08\/artec-leo2-450x300.jpg 450w, https:\/\/infotron.com.tr\/en\/wp-content\/uploads\/2018\/08\/artec-leo2.jpg 992w\" sizes=\"(max-width: 821px) 100vw, 821px\" \/><\/p>\n<p><strong>Total Mobile Browsing Experience<\/strong><\/p>\n<p>With built-in battery and Wi-Fi connectivity, Artec Leo offers real freedom in 3D scanning. Move around your object unhindered with any cable!<\/p>\n<p><strong>The Smartest Scanner in the Market<\/strong><\/p>\n<p>Artec Leo includes the latest technologies, including the NVIDIA\u00ae Jetson &#x2122; platform, its internal computer. This computer includes Quad-core ARM\u00ae Cortex\u00ae-A57 MPCore CPU and 256 NVIDIA Maxwell &#x2122; 1 TFLOPS GPU, CUDA\u00ae cores. Allows you to understand the scanner&#8217;s location and environment with the built-in 9 DoF motion system.<\/p>\n<p><strong>Enhanced Color Capture Feature<\/strong><\/p>\n<p>Using the smashable VCSEL light technology, Artec Leo perfects the digitizing ability to scan textures, including skin, and can scan well even under bright conditions. This technology also allows you to adjust the flash intensity to further enhance color capture.<\/p>\n<p><strong>No Need To Target Points<\/strong><\/p>\n<p>Like all of Artec&#8217;s enhanced 3D scanners, Leo uses powerful hybrid geometry and texture tracking; it really means you can only see and shoot your model. This way you don&#8217;t need to put targets on your model and then remove them.<\/p>\n<table border=\"0\" width=\"0\" cellspacing=\"0\" cellpadding=\"0\" align=\"center\">\n<tbody>\n<tr>\n<td><strong>Technicial Specifications<\/strong><\/td>\n<td>\n<p align=\"center\"><strong>Eva \/ Eva Light<\/strong><\/p>\n<\/td>\n<td>\n<p align=\"center\"><strong>Space Spider<\/strong><\/p>\n<\/td>\n<td>\n<p align=\"center\"><strong>Leo<\/strong><\/p>\n<\/td>\n<\/tr>\n<tr>\n<td>Texture capture feature<\/td>\n<td>\n<p align=\"center\">Yes<\/p>\n<\/td>\n<td>\n<p align=\"center\">Yes<\/p>\n<\/td>\n<td>\n<p align=\"center\">Yes<\/p>\n<\/td>\n<\/tr>\n<tr>\n<td>Maximum 3D Resolution<\/td>\n<td>\n<p align=\"center\">0.1 mm<\/p>\n<\/td>\n<td>\n<p align=\"center\">0.05 mm<\/p>\n<\/td>\n<td>\n<p align=\"center\">0.1 mm<\/p>\n<\/td>\n<\/tr>\n<tr>\n<td>Texture Resolution<\/td>\n<td>\n<p align=\"center\">1.3 mp<\/p>\n<\/td>\n<td>\n<p align=\"center\">1.3 mp<\/p>\n<\/td>\n<td>\n<p align=\"center\">2.3 mp<\/p>\n<\/td>\n<\/tr>\n<tr>\n<td>Color<\/td>\n<td>\n<p align=\"center\">24 bpp<\/p>\n<\/td>\n<td>\n<p align=\"center\">24 bpp<\/p>\n<\/td>\n<td>\n<p align=\"center\">24 bpp<\/p>\n<\/td>\n<\/tr>\n<tr>\n<td>Structured light source<\/td>\n<td>\n<p align=\"center\">Flash Bulb (no laser)<\/p>\n<\/td>\n<td>\n<p align=\"center\">Blue Led<\/p>\n<\/td>\n<td>\n<p align=\"center\">VCSEL<\/p>\n<\/td>\n<\/tr>\n<tr>\n<td>Working distance<\/td>\n<td>\n<p align=\"center\">0.4 \u2013 1 m<\/p>\n<\/td>\n<td>\n<p align=\"center\">0.17 \u2013 0.35 m<\/p>\n<\/td>\n<td>\n<p align=\"center\">0.35 \u2013 1.2 m<\/p>\n<\/td>\n<\/tr>\n<tr>\n<td>Internal hard drive<\/td>\n<td>\n<p align=\"center\">&#8211;<\/p>\n<\/td>\n<td>\n<p align=\"center\">&#8211;<\/p>\n<\/td>\n<td>\n<p align=\"center\">256 GB SSD<\/p>\n<\/td>\n<\/tr>\n<tr>\n<td>Position Sensors<\/td>\n<td>\n<p align=\"center\">&#8211;<\/p>\n<\/td>\n<td>\n<p align=\"center\">&#8211;<\/p>\n<\/td>\n<td>\n<p align=\"center\">Built-in 9 DoF inertial system<\/p>\n<\/td>\n<\/tr>\n<\/tbody>\n<\/table>\n            <\/div>        <\/div>    <\/div><\/section>\n<section class=\"av_toggle_section\"  itemscope=\"itemscope\" itemtype=\"https:\/\/schema.org\/CreativeWork\"  >    <div class=\"single_toggle\" data-tags=\"{All} \"  >        <p data-fake-id=\"#toggle-id-2\" class=\"toggler \"  itemprop=\"headline\"  >Artec Eva\/Eva Lite<span class=\"toggle_icon\" >        <span class=\"vert_icon\"><\/span><span class=\"hor_icon\"><\/span><\/span><\/p>        <div id=\"toggle-id-2-container\" class=\"toggle_wrap \"  >            <div class=\"toggle_content invers-color \"  itemprop=\"text\"   ><p><strong>Fast and Precise 3D Scanning with 0.1 mm Resoluti<\/strong>on<\/p>\n<p>With Artec Eva, scan parts in medium and large sizes easily and quickly, without needing calibration and marking. You can capture textures and colors in all your applications and scan glossy surfaces without any problem.<\/p>\n<p><img loading=\"lazy\" decoding=\"async\" class=\"alignnone wp-image-3087\" src=\"https:\/\/infotron.com.tr\/en\/wp-content\/uploads\/2018\/08\/artec-eva-review-header-large-1500x782.x92699-300x156.jpg\" alt=\"\" width=\"867\" height=\"451\" srcset=\"https:\/\/infotron.com.tr\/en\/wp-content\/uploads\/2018\/08\/artec-eva-review-header-large-1500x782.x92699-300x156.jpg 300w, https:\/\/infotron.com.tr\/en\/wp-content\/uploads\/2018\/08\/artec-eva-review-header-large-1500x782.x92699-768x400.jpg 768w, https:\/\/infotron.com.tr\/en\/wp-content\/uploads\/2018\/08\/artec-eva-review-header-large-1500x782.x92699-1030x537.jpg 1030w, https:\/\/infotron.com.tr\/en\/wp-content\/uploads\/2018\/08\/artec-eva-review-header-large-1500x782.x92699.jpg 1500w, https:\/\/infotron.com.tr\/en\/wp-content\/uploads\/2018\/08\/artec-eva-review-header-large-1500x782.x92699-705x368.jpg 705w, https:\/\/infotron.com.tr\/en\/wp-content\/uploads\/2018\/08\/artec-eva-review-header-large-1500x782.x92699-450x235.jpg 450w\" sizes=\"(max-width: 867px) 100vw, 867px\" \/><\/p>\n<p>Scan with Artec Eva whether for industrial scanning or design purposes, Artec technology capturing 2,000,000 data points per second gives you the advantage of getting the most accurate data at the end of scanning with the texture capture feature.<br \/>\nDue to its speed and precision quality, Artec Eva is also an easy-to-use solution thanks to its light weight due to its speed and precision quality in reverse engineering, quality control and prototyping processes.<\/p>\n<p><strong>An Affordable Solution for Non-woven 3D Scanning: Artec Eva Lite<\/strong><\/p>\n<p>All the features except color and texture assignment are the same as the professional 3D scanner Artec Eva Artec Eva Lite is the choice of those looking for speed and high sensitivity in the scanning application. If you do not need color and texture in the data you will get in your 3D scanning applications and if you are looking for a more economical solution, the best solution for you is Artec Eva Lite.<\/p>\n<p><strong>Professional 3D Scanning Service with Artec Eva \/ Eva Lite<\/strong><\/p>\n<p>For more information about Artec Eva, please contact our 3D scanning service at 0850 441 5000 or send an e-mail to <a href=\"mailto:info@infotron.com.tr\">info@infotron.com.tr<\/a>.<\/p>\n            <\/div>        <\/div>    <\/div><\/section>\n<section class=\"av_toggle_section\"  itemscope=\"itemscope\" itemtype=\"https:\/\/schema.org\/CreativeWork\"  >    <div class=\"single_toggle\" data-tags=\"{All} \"  >        <p data-fake-id=\"#toggle-id-3\" class=\"toggler \"  itemprop=\"headline\"  >Artec Spider<span class=\"toggle_icon\" >        <span class=\"vert_icon\"><\/span><span class=\"hor_icon\"><\/span><\/span><\/p>        <div id=\"toggle-id-3-container\" class=\"toggle_wrap \"  >            <div class=\"toggle_content invers-color \"  itemprop=\"text\"   ><p><strong>Easy and Fast 3D Scanning Solution for All Size Parts<\/strong><\/p>\n<p>Portable professional 3D scanners With Artec Space Spider, you can scan all structures from small-sized objects to large industrial parts in three resolutions with high resolution, precise accuracy and bright color. No matter how complicated the geometric structure of the object to be scanned in 3D, Artec Space Spider offers the best result you can expect in a 3D scan.<\/p>\n<p style=\"text-align: justify;\"><img loading=\"lazy\" decoding=\"async\" class=\"alignnone wp-image-3099\" src=\"https:\/\/infotron.com.tr\/en\/wp-content\/uploads\/2018\/08\/artec_spider_-300x203.jpg\" alt=\"\" width=\"864\" height=\"585\" srcset=\"https:\/\/infotron.com.tr\/en\/wp-content\/uploads\/2018\/08\/artec_spider_-300x203.jpg 300w, https:\/\/infotron.com.tr\/en\/wp-content\/uploads\/2018\/08\/artec_spider_-450x305.jpg 450w, https:\/\/infotron.com.tr\/en\/wp-content\/uploads\/2018\/08\/artec_spider_.jpg 572w\" sizes=\"(max-width: 864px) 100vw, 864px\" \/><\/p>\n<p>Thanks to the high scanning speed of 7.5 fps and the excellent resolution of 0.05 mm, the Artec Space Spider enables you to obtain 3D scanning data that captures fine details in less time than the laser 3D scanner. In this way, you can easily create a 3D model and transfer it to CAD software.<\/p>\n<p><strong>Professional 3D Scanners That Make Your Processes Easier<\/strong><\/p>\n<p>With 1.3 Mpx texture resolution, you can easily scan glossy surfaces with Artec Space Spider which will allow you to capture surface properties like texture and color accurately.<\/p>\n<p>These 3D scanners will save you time, without the need for calibration, and the 6-hour battery life of these professional 3D scanners gives you the possibility to scan 3D anywhere and anytime.<\/p>\n<p><strong>Solution to 3D Scanning Needs in Different Areas<\/strong><\/p>\n<p>Artec Space Spider is used in many different sectors of industrial design and manufacturing, reverse engineering, quality control and rapid prototyping.<\/p>\n<p><strong>Professional 3D Scanning Service with Artec Space Spider<\/strong><\/p>\n<p>For more information about Artec Space Spider please contact our 3D scanning service at 0850 441 5000 or e-mail to info@infotron.com.tr.<\/p>\n            <\/div>        <\/div>    <\/div><\/section>\n<section class=\"av_toggle_section\"  itemscope=\"itemscope\" itemtype=\"https:\/\/schema.org\/CreativeWork\"  >    <div class=\"single_toggle\" data-tags=\"{All} \"  >        <p data-fake-id=\"#toggle-id-4\" class=\"toggler \"  itemprop=\"headline\"  >Artec Studio Yaz\u0131l\u0131m\u0131<span class=\"toggle_icon\" >        <span class=\"vert_icon\"><\/span><span class=\"hor_icon\"><\/span><\/span><\/p>        <div id=\"toggle-id-4-container\" class=\"toggle_wrap \"  >            <div class=\"toggle_content invers-color \"  itemprop=\"text\"   ><p><strong>Fastest and Hassle-free Scan Experience<\/strong><\/p>\n<p>Point and pull your professional 3D scanner without having to prepare the 3D object for pre-processing.<\/p>\n<p>Featuring best-in-class texture and geometry tracking algorithms to provide you with the fastest and most seamless scanning experience, Artec Studio allows you to stop scanning at any time and resume where you left off.<\/p>\n<p><img loading=\"lazy\" decoding=\"async\" class=\"alignnone wp-image-3084\" src=\"https:\/\/infotron.com.tr\/en\/wp-content\/uploads\/2018\/08\/Artec-Studio-11-300x139.jpg\" alt=\"\" width=\"869\" height=\"403\" srcset=\"https:\/\/infotron.com.tr\/en\/wp-content\/uploads\/2018\/08\/Artec-Studio-11-300x139.jpg 300w, https:\/\/infotron.com.tr\/en\/wp-content\/uploads\/2018\/08\/Artec-Studio-11-450x208.jpg 450w, https:\/\/infotron.com.tr\/en\/wp-content\/uploads\/2018\/08\/Artec-Studio-11.jpg 600w\" sizes=\"(max-width: 869px) 100vw, 869px\" \/><\/p>\n<p><strong>Fast and Automatic Data Processing<\/strong><\/p>\n<p>It&#8217;s never been easier to create an ideal 3D model by processing the data you get with professional 3D scanners. The Artec Studio is available for both new and experienced users, thanks to its advanced intelligent mode. This feature, called or Autopilot sizi (autopilot), brings you to the end with 4 easy steps in 3D scanning and data processing.<\/p>\n<p>Artec Studio makes 3D scanning intuitive and user-friendly. Featuring state-of-the-art algorithms that deliver high precision to your results, this advanced 3D imaging software from Artec selects the most effective three-dimensional algorithms for your data.<\/p>\n<p><strong>Sensitive Software<\/strong><\/p>\n<p>Artec Studio has advanced settings for experienced users that give you complete control and flexibility, allowing you to process your data in seconds. On the other hand, this advanced software provides unparalleled ease of use for new users. The user selects manual or automatic mode regardless of the level of experience and always obtains a high-precision 3D model.<\/p>\n<p>For more information about Artec Studio software and to purchase please contact us at 0850 441 50 00.<\/p>\n            <\/div>        <\/div>    <\/div><\/section>\n<\/div>\n","protected":false},"excerpt":{"rendered":"","protected":false},"author":1,"featured_media":0,"parent":0,"menu_order":0,"comment_status":"closed","ping_status":"closed","template":"","meta":{"footnotes":""},"_links":{"self":[{"href":"https:\/\/infotron.com.tr\/en\/wp-json\/wp\/v2\/pages\/2913"}],"collection":[{"href":"https:\/\/infotron.com.tr\/en\/wp-json\/wp\/v2\/pages"}],"about":[{"href":"https:\/\/infotron.com.tr\/en\/wp-json\/wp\/v2\/types\/page"}],"author":[{"embeddable":true,"href":"https:\/\/infotron.com.tr\/en\/wp-json\/wp\/v2\/users\/1"}],"replies":[{"embeddable":true,"href":"https:\/\/infotron.com.tr\/en\/wp-json\/wp\/v2\/comments?post=2913"}],"version-history":[{"count":26,"href":"https:\/\/infotron.com.tr\/en\/wp-json\/wp\/v2\/pages\/2913\/revisions"}],"predecessor-version":[{"id":5173,"href":"https:\/\/infotron.com.tr\/en\/wp-json\/wp\/v2\/pages\/2913\/revisions\/5173"}],"wp:attachment":[{"href":"https:\/\/infotron.com.tr\/en\/wp-json\/wp\/v2\/media?parent=2913"}],"curies":[{"name":"wp","href":"https:\/\/api.w.org\/{rel}","templated":true}]}}