{"id":1234,"date":"2018-06-28T17:45:56","date_gmt":"2018-06-28T17:45:56","guid":{"rendered":"https:\/\/infotron.com.tr\/en\/?page_id=1234"},"modified":"2019-04-21T21:26:50","modified_gmt":"2019-04-21T21:26:50","slug":"optomec","status":"publish","type":"page","link":"https:\/\/infotron.com.tr\/en\/optomec\/","title":{"rendered":"Optomec"},"content":{"rendered":"<div class=\"flex_column av_one_full  flex_column_div av-zero-column-padding first  \" style='border-radius:0px; '><section class=\"av_textblock_section \"  itemscope=\"itemscope\" itemtype=\"https:\/\/schema.org\/CreativeWork\" ><div class='avia_textblock  '   itemprop=\"text\" ><p><strong>Optomec redefines layered production. This technology from Optomec includes printers, software, materials and application expertise, and the product lifecycle that makes it possible to produce components and features that were not previously possible.<\/strong><\/p>\n<p>The two technologies offered by Optomec are Aeroseol Jet and LENS precision, increasing flexibility and efficiency. Investing in a successful development history and $ 30 million in product development, Optomec has worked with leading industrial companies and research organizations in various markets to deliver the promise of 3D printing. Optomec systems are used throughout the product lifecycle to reduce the size and cost of electronic devices, increase the efficiency of machines that produce alternative energy sources, extend the life of high-value aviation components, produce wear-resistant medical devices and make industry.<\/p>\n<\/div><\/section><\/div><div class=\"flex_column av_one_half  flex_column_div av-zero-column-padding first  \" style='border-radius:0px; '><section class=\"av_textblock_section \"  itemscope=\"itemscope\" itemtype=\"https:\/\/schema.org\/CreativeWork\" ><div class='avia_textblock  '   itemprop=\"text\" ><div class=\"tlid-input input\">\n<div class=\"source-wrap\">\n<div class=\"input-full-height-wrapper tlid-input-full-height-wrapper\">\n<div class=\"source-input\">\n<div class=\"source-footer-wrap source-or-target-footer\">\n<div class=\"character-count tlid-character-count\"><\/div>\n<\/div>\n<\/div>\n<\/div>\n<\/div>\n<\/div>\n<div class=\"tlid-results-container results-container\">\n<div class=\"tlid-result result-dict-wrapper\">\n<div class=\"result tlid-copy-target\">\n<div class=\"text-wrap tlid-copy-target\">\n<p><span class=\"tlid-translation translation\" lang=\"en\"><strong><span title=\"\">Discover what you can do:<\/span><\/strong><\/span><\/p>\n<ul>\n<li><span class=\"tlid-translation translation\" lang=\"en\"><span title=\"\">Propellers, Blisters<\/span><br \/>\n<\/span><\/li>\n<li><span class=\"tlid-translation translation\" lang=\"en\"><span title=\"\">Alternative Energy Components<\/span><br \/>\n<\/span><\/li>\n<li><span class=\"tlid-translation translation\" lang=\"en\"><span title=\"\">Metal Parts with Complex Geometry<\/span><br \/>\n<\/span><\/li>\n<li><span class=\"tlid-translation translation\" lang=\"en\"><span title=\"\">Carbon Nanotube (CNT) Thin Film Transistors<\/span><br \/>\n<\/span><\/li>\n<li><span class=\"tlid-translation translation\" lang=\"en\"><span title=\"\">Mobile device antennas manufactured with 3D printer<\/span><br \/>\n<\/span><\/li>\n<li><span class=\"tlid-translation translation\" lang=\"en\"><span title=\"\">Displays<\/span><br \/>\n<\/span><\/li>\n<li><span class=\"tlid-translation translation\" lang=\"en\"><span class=\"\" title=\"\">and much more<\/span><\/span><\/li>\n<\/ul>\n<\/div>\n<\/div>\n<\/div>\n<\/div>\n<\/div><\/section><\/div><div class=\"flex_column av_one_half  flex_column_div av-zero-column-padding   \" style='border-radius:0px; '><div class='avia-image-container  av-styling-    avia-align-center '  itemprop=\"ImageObject\" itemscope=\"itemscope\" itemtype=\"https:\/\/schema.org\/ImageObject\"  ><div class='avia-image-container-inner'><div class='avia-image-overlay-wrap'><img class='avia_image ' src='https:\/\/infotron.com.tr\/en\/wp-content\/uploads\/2018\/08\/OPTOMEC_300.png' alt='' title='OPTOMEC_300' height=\"68\"width=\"300\"  itemprop=\"thumbnailUrl\"  \/><\/div><\/div><\/div><\/div><\/p>\n<div class=\"flex_column av_one_half  flex_column_div av-zero-column-padding first  \" style='border-radius:0px; '><div class='avia-image-container  av-styling-    avia-align-center '  itemprop=\"ImageObject\" itemscope=\"itemscope\" itemtype=\"https:\/\/schema.org\/ImageObject\"  ><div class='avia-image-container-inner'><div class='avia-image-overlay-wrap'><img class='avia_image ' src='https:\/\/infotron.com.tr\/en\/wp-content\/uploads\/2018\/08\/optomec_infotron_3dprinter-M\u00fcrekkep_p\u00fcsk\u00fcrtme-300x219.jpg' alt='' title='optomec_infotron_3dprinter-M\u00fcrekkep_p\u00fcsk\u00fcrtme' height=\"219\"width=\"300\"  itemprop=\"thumbnailUrl\"  \/><\/div><\/div><\/div><\/div>\n<div class=\"flex_column av_one_half  flex_column_div av-zero-column-padding   \" style='border-radius:0px; '><div class='avia-image-container  av-styling-    avia-align-center '  itemprop=\"ImageObject\" itemscope=\"itemscope\" itemtype=\"https:\/\/schema.org\/ImageObject\"  ><div class='avia-image-container-inner'><div class='avia-image-overlay-wrap'><img class='avia_image ' src='https:\/\/infotron.com.tr\/en\/wp-content\/uploads\/2018\/08\/optomec_infotron_3dprinter-ModelR-300x234.jpg' alt='' title='optomec_infotron_3dprinter-ModelR' height=\"234\"width=\"300\"  itemprop=\"thumbnailUrl\"  \/><\/div><\/div><\/div><\/div>\n<div class=\"flex_column av_one_full  flex_column_div av-zero-column-padding first  \" style='border-radius:0px; '><section class=\"av_textblock_section \"  itemscope=\"itemscope\" itemtype=\"https:\/\/schema.org\/CreativeWork\" ><div class='avia_textblock  '   itemprop=\"text\" ><p><strong>Shape the Future with Optomec Layered Production Solutions<\/strong><\/p>\n<p>LENS\u00ae technology; \u201dLaser Engineered Net Shaping inin stands for Laser Shaping. It is a proven industrial layer production system for repair, modification and manufacturing.<\/p>\n<\/div><\/section><\/div><div class=\"flex_column av_one_third  flex_column_div av-zero-column-padding first  \" style='border-radius:0px; '><p><div class='avia-image-container  av-styling-    avia-align-center '  itemprop=\"ImageObject\" itemscope=\"itemscope\" itemtype=\"https:\/\/schema.org\/ImageObject\"  ><div class='avia-image-container-inner'><div class='avia-image-overlay-wrap'><img class='avia_image ' src='https:\/\/infotron.com.tr\/en\/wp-content\/uploads\/2018\/08\/optomec.jpg' alt='' title='optomec' height=\"197\"width=\"170\"  itemprop=\"thumbnailUrl\"  \/><\/div><\/div><\/div><br \/>\n<section class=\"av_textblock_section \"  itemscope=\"itemscope\" itemtype=\"https:\/\/schema.org\/CreativeWork\" ><div class='avia_textblock  '   itemprop=\"text\" ><p style=\"text-align: center;\">\u00a0\u00a03D CAD Model<\/p>\n<\/div><\/section><\/p><\/div><\/p>\n<div class=\"flex_column av_one_third  flex_column_div av-zero-column-padding   \" style='border-radius:0px; '><p><div class='avia-image-container  av-styling-    avia-align-center '  itemprop=\"ImageObject\" itemscope=\"itemscope\" itemtype=\"https:\/\/schema.org\/ImageObject\"  ><div class='avia-image-container-inner'><div class='avia-image-overlay-wrap'><img class='avia_image ' src='https:\/\/infotron.com.tr\/en\/wp-content\/uploads\/2018\/08\/optomec-2-1.jpg' alt='' title='optomec-2' height=\"194\"width=\"194\"  itemprop=\"thumbnailUrl\"  \/><\/div><\/div><\/div><br \/>\n<section class=\"av_textblock_section \"  itemscope=\"itemscope\" itemtype=\"https:\/\/schema.org\/CreativeWork\" ><div class='avia_textblock  '   itemprop=\"text\" ><p style=\"text-align: center;\">Production with LENS Technology<\/p>\n<\/div><\/section><\/p><\/div><div class=\"flex_column av_one_third  flex_column_div av-zero-column-padding   \" style='border-radius:0px; '><p><div class='avia-image-container  av-styling-    avia-align-center '  itemprop=\"ImageObject\" itemscope=\"itemscope\" itemtype=\"https:\/\/schema.org\/ImageObject\"  ><div class='avia-image-container-inner'><div class='avia-image-overlay-wrap'><img class='avia_image ' src='https:\/\/infotron.com.tr\/en\/wp-content\/uploads\/2018\/08\/optomec-3.jpg' alt='' title='optomec-3' height=\"198\"width=\"146\"  itemprop=\"thumbnailUrl\"  \/><\/div><\/div><\/div><br \/>\n<section class=\"av_textblock_section \"  itemscope=\"itemscope\" itemtype=\"https:\/\/schema.org\/CreativeWork\" ><div class='avia_textblock  '   itemprop=\"text\" ><p style=\"text-align: center;\">Final Product<\/p>\n<\/div><\/section><\/p><\/div><div class=\"flex_column av_one_full  flex_column_div av-zero-column-padding first  \" style='border-radius:0px; '><section class=\"av_textblock_section \"  itemscope=\"itemscope\" itemtype=\"https:\/\/schema.org\/CreativeWork\" ><div class='avia_textblock  '   itemprop=\"text\" ><p><strong>Key Features<\/strong><\/p>\n<ul>\n<li>Great working volumes &#8211; ideal for blisters (discs and palettes used in turbine engines), propellers and shafts<\/li>\n<li>5-axis motion &#8211; rotary and complex repairs<\/li>\n<li>Closed-loop controls &#8211; Precise process control<\/li>\n<li>IPG Fiber Lasers &#8211; Low cost of ownership<\/li>\n<li>Full software package &#8211; Quickly creates tool paths<\/li>\n<li>Full atmosphere control &#8211; Superior material quality<\/li>\n<li>Commonly used materials &#8211; Inconal alloys, stainless steel, Titanium alloys, Aluminum Alloys<\/li>\n<li>Applications<\/li>\n<li>Hybrid Production<\/li>\n<li>Advanced Product Development<\/li>\n<li>Repair of worn parts<\/li>\n<li>Repair of incorrectly machined parts<\/li>\n<li>Tool modification for reuse<\/li>\n<\/ul>\n<\/div><\/section><\/div><div class=\"flex_column av_one_full  flex_column_div av-zero-column-padding first  \" style='border-radius:0px; '><section class=\"av_textblock_section \"  itemscope=\"itemscope\" itemtype=\"https:\/\/schema.org\/CreativeWork\" ><div class='avia_textblock  '   itemprop=\"text\" ><p><strong>Uygulamalar<\/strong><\/p>\n<\/div><\/section><\/div><\/p>\n<div class=\"flex_column av_one_half  flex_column_div av-zero-column-padding first  \" style='border-radius:0px; '><div class='avia-image-container  av-styling-    avia-align-center '  itemprop=\"ImageObject\" itemscope=\"itemscope\" itemtype=\"https:\/\/schema.org\/ImageObject\"  ><div class='avia-image-container-inner'><div class='avia-image-overlay-wrap'><img class='avia_image ' src='https:\/\/infotron.com.tr\/en\/wp-content\/uploads\/2018\/08\/optomec_3-300x234.jpg' alt='' title='optomec_3' height=\"234\"width=\"300\"  itemprop=\"thumbnailUrl\"  \/><\/div><\/div><\/div><\/div>\n<div class=\"flex_column av_one_half  flex_column_div av-zero-column-padding   \" style='border-radius:0px; '><section class=\"av_textblock_section \"  itemscope=\"itemscope\" itemtype=\"https:\/\/schema.org\/CreativeWork\" ><div class='avia_textblock  '   itemprop=\"text\" ><ul>\n<li>Hybrid Production<\/li>\n<li>Advanced Product Development<\/li>\n<li>Repair of worn parts<\/li>\n<li>Repair of incorrectly machined parts<\/li>\n<li>Tool modification for reuse<\/li>\n<\/ul>\n<\/div><\/section><\/div><div class=\"flex_column av_one_full  flex_column_div av-zero-column-padding first  \" style='border-radius:0px; '><section class=\"av_textblock_section \"  itemscope=\"itemscope\" itemtype=\"https:\/\/schema.org\/CreativeWork\" ><div class='avia_textblock  '   itemprop=\"text\" ><p><strong>Aerosol Jet\u00ae Technology<\/strong><\/p>\n<p>Aerosol Jet systems have a unique ability to print on almost all substrates with their very precise details, electronic, structural and biological patterns. Some compare the Aerosol Jet Technology to the inkjet method, but the patented process is completely different. The material to be sprayed is atomized by an ultrasonic and \/ or pneumatic system. The droplet dimensions of the material can then be further reduced by using a lar\u0131 virtual impactor Daha. The material jet formed in the final stage is aerodynamically focused using the gas in the agglomerate head and the agglomeration is carried out. Technology can work with a variety of materials such as Silver, Copper, Nickel, Polymer and Teflon. With this technology, it is possible to produce electronic products as well as to circuit the surface of a 3D part.<\/p>\n<\/div><\/section><\/div><div class=\"flex_column av_one_full  flex_column_div av-zero-column-padding first  \" style='border-radius:0px; '><div class='avia-image-container  av-styling-    avia-align-center '  itemprop=\"ImageObject\" itemscope=\"itemscope\" itemtype=\"https:\/\/schema.org\/ImageObject\"  ><div class='avia-image-container-inner'><div class='avia-image-overlay-wrap'><img class='avia_image ' src='https:\/\/infotron.com.tr\/en\/wp-content\/uploads\/2018\/08\/optomec_4.jpg' alt='' title='optomec_4' height=\"451\"width=\"618\"  itemprop=\"thumbnailUrl\"  \/><\/div><\/div><\/div><\/div><\/p>\n<div class=\"flex_column av_one_full  flex_column_div av-zero-column-padding first  \" style='border-radius:0px; '><section class=\"av_textblock_section \"  itemscope=\"itemscope\" itemtype=\"https:\/\/schema.org\/CreativeWork\" ><div class='avia_textblock  '   itemprop=\"text\" ><p><strong>Advantages of Aerosol Jet Technology<\/strong><\/p>\n<ul>\n<li>Sizes up to 10 microns<\/li>\n<li>Stacking thin layer from 100 nm<\/li>\n<li>Many material options<\/li>\n<li>Material viscosities between 1 and 1,000 cP<\/li>\n<li>Nanomaterial material<\/li>\n<li>Applicability to non-planar surfaces<\/li>\n<li>Low temperature workability<\/li>\n<\/ul>\n<\/div><\/section><\/div>\n","protected":false},"excerpt":{"rendered":"","protected":false},"author":1,"featured_media":0,"parent":0,"menu_order":0,"comment_status":"closed","ping_status":"closed","template":"","meta":{"footnotes":""},"_links":{"self":[{"href":"https:\/\/infotron.com.tr\/en\/wp-json\/wp\/v2\/pages\/1234"}],"collection":[{"href":"https:\/\/infotron.com.tr\/en\/wp-json\/wp\/v2\/pages"}],"about":[{"href":"https:\/\/infotron.com.tr\/en\/wp-json\/wp\/v2\/types\/page"}],"author":[{"embeddable":true,"href":"https:\/\/infotron.com.tr\/en\/wp-json\/wp\/v2\/users\/1"}],"replies":[{"embeddable":true,"href":"https:\/\/infotron.com.tr\/en\/wp-json\/wp\/v2\/comments?post=1234"}],"version-history":[{"count":20,"href":"https:\/\/infotron.com.tr\/en\/wp-json\/wp\/v2\/pages\/1234\/revisions"}],"predecessor-version":[{"id":5166,"href":"https:\/\/infotron.com.tr\/en\/wp-json\/wp\/v2\/pages\/1234\/revisions\/5166"}],"wp:attachment":[{"href":"https:\/\/infotron.com.tr\/en\/wp-json\/wp\/v2\/media?parent=1234"}],"curies":[{"name":"wp","href":"https:\/\/api.w.org\/{rel}","templated":true}]}}